{"id":841,"date":"2016-07-08T09:47:20","date_gmt":"2016-07-08T09:47:20","guid":{"rendered":"http:\/\/xn--rothemhl-c6a.de\/?page_id=841"},"modified":"2016-07-09T13:08:53","modified_gmt":"2016-07-09T13:08:53","slug":"08-07-16","status":"publish","type":"page","link":"https:\/\/xn--rothemhl-c6a.de\/?page_id=841","title":{"rendered":"09.07.16"},"content":{"rendered":"<p>Stand der Bauma\u00dfnahmen:<br \/>\n&#8211; die \u00d6fen wurden abgerissen und die \u00d6ffnungen geschlossen<br \/>\n&#8211; ein Fenster wurde neu eingebaut<br \/>\n&#8211; Tapeten und alte Bodenbel\u00e4ge sind entfernt<br \/>\n&#8211; Kabel f\u00fcr die Heizungsanlage wurden verlegt<\/p>\n<p>Derzeit haben wir noch mit einigen Schwierigkeiten zu k\u00e4mpfen.<br \/>\nEs gibt viele Wassersch\u00e4den im Geb\u00e4ude:<br \/>\nDie Decken sind feucht, weil das Dach schon seit mehreren Jahren undicht ist.<br \/>\nEinige W\u00e4nde sind ebenfalls durchfeuchtet, denn an der R\u00fcckseite des<br \/>\nGeb\u00e4udes l\u00e4uft bei starkem Regen das Wasser unter den Au\u00dfenw\u00e4nden durch.<br \/>\nBevor also die Maler- und Bodenbelagsarbeiten weitergehen, m\u00fcssen jetzt<br \/>\nerst die Ursachen f\u00fcr die Wassersch\u00e4den beseitigt werden.<\/p>\n<p>Ein Riesen-Dankesch\u00f6n an J\u00f6rg Baumbach, Ringo Voltz, Matthias und Cornelius Hahn,<br \/>\ndie heute ihren freien Samstag geopfert haben, um an der Geb\u00e4uder\u00fcckseite den<br \/>\nBeton wegzustemmen und auch im Geb\u00e4ude die alten Fliesen abzuschlagen.<br \/>\n\n\t\t<style type=\"text\/css\">\n\t\t\t#gallery-1 {\n\t\t\t\tmargin: auto;\n\t\t\t}\n\t\t\t#gallery-1 .gallery-item {\n\t\t\t\tfloat: left;\n\t\t\t\tmargin-top: 10px;\n\t\t\t\ttext-align: center;\n\t\t\t\twidth: 33%;\n\t\t\t}\n\t\t\t#gallery-1 img {\n\t\t\t\tborder: 2px solid #cfcfcf;\n\t\t\t}\n\t\t\t#gallery-1 .gallery-caption {\n\t\t\t\tmargin-left: 0;\n\t\t\t}\n\t\t\t\/* see gallery_shortcode() in wp-includes\/media.php *\/\n\t\t<\/style>\n\t\t<div id='gallery-1' class='gallery galleryid-841 gallery-columns-3 gallery-size-thumbnail'><dl class='gallery-item'>\n\t\t\t<dt class='gallery-icon landscape'>\n\t\t\t\t<a href='https:\/\/xn--rothemhl-c6a.de\/?attachment_id=853'><img loading=\"lazy\" decoding=\"async\" width=\"150\" height=\"150\" src=\"https:\/\/xn--rothemhl-c6a.de\/wp-content\/uploads\/2016\/07\/13592563_10205344845501141_8960404408716521690_n-150x150.jpg\" class=\"attachment-thumbnail size-thumbnail\" alt=\"\" \/><\/a>\n\t\t\t<\/dt><\/dl><dl class='gallery-item'>\n\t\t\t<dt class='gallery-icon landscape'>\n\t\t\t\t<a href='https:\/\/xn--rothemhl-c6a.de\/?attachment_id=854'><img loading=\"lazy\" decoding=\"async\" width=\"150\" height=\"150\" src=\"https:\/\/xn--rothemhl-c6a.de\/wp-content\/uploads\/2016\/07\/13592736_10205344845301136_4269375695324814733_n-150x150.jpg\" class=\"attachment-thumbnail size-thumbnail\" alt=\"\" \/><\/a>\n\t\t\t<\/dt><\/dl><dl class='gallery-item'>\n\t\t\t<dt class='gallery-icon landscape'>\n\t\t\t\t<a href='https:\/\/xn--rothemhl-c6a.de\/?attachment_id=855'><img loading=\"lazy\" decoding=\"async\" width=\"150\" height=\"150\" src=\"https:\/\/xn--rothemhl-c6a.de\/wp-content\/uploads\/2016\/07\/13600134_10205344845101131_3829969740660481900_n-1-150x150.jpg\" class=\"attachment-thumbnail size-thumbnail\" alt=\"\" \/><\/a>\n\t\t\t<\/dt><\/dl><br style=\"clear: both\" \/>\n\t\t<\/div>\n <\/p>\n","protected":false},"excerpt":{"rendered":"<p>Stand der Bauma\u00dfnahmen: &#8211; die \u00d6fen wurden abgerissen und die \u00d6ffnungen geschlossen &#8211; ein Fenster wurde neu eingebaut &#8211; Tapeten und alte Bodenbel\u00e4ge sind entfernt &#8211; Kabel f\u00fcr die Heizungsanlage wurden verlegt Derzeit haben wir noch mit einigen Schwierigkeiten zu <span class=\"excerpt-dots\">&hellip;<\/span> <a class=\"more-link\" href=\"https:\/\/xn--rothemhl-c6a.de\/?page_id=841\"><span class=\"more-msg\">Weiterlesen &rarr;<\/span><\/a><\/p>\n","protected":false},"author":1,"featured_media":0,"parent":837,"menu_order":2,"comment_status":"closed","ping_status":"closed","template":"","meta":{"footnotes":""},"class_list":["post-841","page","type-page","status-publish","hentry"],"_links":{"self":[{"href":"https:\/\/xn--rothemhl-c6a.de\/index.php?rest_route=\/wp\/v2\/pages\/841","targetHints":{"allow":["GET"]}}],"collection":[{"href":"https:\/\/xn--rothemhl-c6a.de\/index.php?rest_route=\/wp\/v2\/pages"}],"about":[{"href":"https:\/\/xn--rothemhl-c6a.de\/index.php?rest_route=\/wp\/v2\/types\/page"}],"author":[{"embeddable":true,"href":"https:\/\/xn--rothemhl-c6a.de\/index.php?rest_route=\/wp\/v2\/users\/1"}],"replies":[{"embeddable":true,"href":"https:\/\/xn--rothemhl-c6a.de\/index.php?rest_route=%2Fwp%2Fv2%2Fcomments&post=841"}],"version-history":[{"count":4,"href":"https:\/\/xn--rothemhl-c6a.de\/index.php?rest_route=\/wp\/v2\/pages\/841\/revisions"}],"predecessor-version":[{"id":856,"href":"https:\/\/xn--rothemhl-c6a.de\/index.php?rest_route=\/wp\/v2\/pages\/841\/revisions\/856"}],"up":[{"embeddable":true,"href":"https:\/\/xn--rothemhl-c6a.de\/index.php?rest_route=\/wp\/v2\/pages\/837"}],"wp:attachment":[{"href":"https:\/\/xn--rothemhl-c6a.de\/index.php?rest_route=%2Fwp%2Fv2%2Fmedia&parent=841"}],"curies":[{"name":"wp","href":"https:\/\/api.w.org\/{rel}","templated":true}]}}