{"id":837,"date":"2016-07-08T09:11:21","date_gmt":"2016-07-08T09:11:21","guid":{"rendered":"http:\/\/xn--rothemhl-c6a.de\/?page_id=837"},"modified":"2019-03-12T14:08:53","modified_gmt":"2019-03-12T14:08:53","slug":"renovierung-treff-der-generationen","status":"publish","type":"page","link":"https:\/\/xn--rothemhl-c6a.de\/?page_id=837","title":{"rendered":"Renovierung &#8222;Treff der Generationen&#8220;"},"content":{"rendered":"<p>Wir haben mit Hilfe von F\u00f6rdermitteln den &#8222;Treff der Generationen&#8220; renoviert.<br \/>\nDank der freiwilligen Helfer ben\u00f6tigten wir nur ca. 65 % der veranschlagten Kosten f\u00fcr diese Sanierung. Gro\u00dfes Dankesch\u00f6n an alle freiwilligen Helfer, die f\u00fcr die Sanierungsma\u00dfnahme ausger\u00e4umt, Eigenleistungen erbracht und hinterher alles wieder gereinigt und einger\u00e4umt haben.<br \/>\nEs ist nun m\u00f6glich, f\u00fcr Privatveranstaltungen einen Raum f\u00fcr max. 30 oder den gro\u00dfen Raum f\u00fcr max. 60 Personen zu mieten. Da es hier schon wieder Diskussionen gab, weise ich darauf hin, dass wir mit den vorhandenen, leider alten M\u00f6beln leben m\u00fcssen und diese vom st\u00e4ndigen Umherr\u00e4umen auch nicht qualitativ besser werden. Sie k\u00f6nnen also nicht den kleineren Raum mieten und m\u00f6chten dann aber die Bestuhlung des gro\u00dfen Raumes nutzen.<\/p>\n","protected":false},"excerpt":{"rendered":"<p>Wir haben mit Hilfe von F\u00f6rdermitteln den &#8222;Treff der Generationen&#8220; renoviert. Dank der freiwilligen Helfer ben\u00f6tigten wir nur ca. 65 % der veranschlagten Kosten f\u00fcr diese Sanierung. Gro\u00dfes Dankesch\u00f6n an alle freiwilligen Helfer, die f\u00fcr die Sanierungsma\u00dfnahme ausger\u00e4umt, Eigenleistungen erbracht <span class=\"excerpt-dots\">&hellip;<\/span> <a class=\"more-link\" href=\"https:\/\/xn--rothemhl-c6a.de\/?page_id=837\"><span class=\"more-msg\">Weiterlesen &rarr;<\/span><\/a><\/p>\n","protected":false},"author":1,"featured_media":0,"parent":86,"menu_order":2,"comment_status":"closed","ping_status":"closed","template":"","meta":{"footnotes":""},"class_list":["post-837","page","type-page","status-publish","hentry"],"_links":{"self":[{"href":"https:\/\/xn--rothemhl-c6a.de\/index.php?rest_route=\/wp\/v2\/pages\/837","targetHints":{"allow":["GET"]}}],"collection":[{"href":"https:\/\/xn--rothemhl-c6a.de\/index.php?rest_route=\/wp\/v2\/pages"}],"about":[{"href":"https:\/\/xn--rothemhl-c6a.de\/index.php?rest_route=\/wp\/v2\/types\/page"}],"author":[{"embeddable":true,"href":"https:\/\/xn--rothemhl-c6a.de\/index.php?rest_route=\/wp\/v2\/users\/1"}],"replies":[{"embeddable":true,"href":"https:\/\/xn--rothemhl-c6a.de\/index.php?rest_route=%2Fwp%2Fv2%2Fcomments&post=837"}],"version-history":[{"count":26,"href":"https:\/\/xn--rothemhl-c6a.de\/index.php?rest_route=\/wp\/v2\/pages\/837\/revisions"}],"predecessor-version":[{"id":2021,"href":"https:\/\/xn--rothemhl-c6a.de\/index.php?rest_route=\/wp\/v2\/pages\/837\/revisions\/2021"}],"up":[{"embeddable":true,"href":"https:\/\/xn--rothemhl-c6a.de\/index.php?rest_route=\/wp\/v2\/pages\/86"}],"wp:attachment":[{"href":"https:\/\/xn--rothemhl-c6a.de\/index.php?rest_route=%2Fwp%2Fv2%2Fmedia&parent=837"}],"curies":[{"name":"wp","href":"https:\/\/api.w.org\/{rel}","templated":true}]}}