{"id":2126,"date":"2019-07-02T12:26:29","date_gmt":"2019-07-02T12:26:29","guid":{"rendered":"http:\/\/xn--rothemhl-c6a.de\/?page_id=2126"},"modified":"2019-07-02T12:27:28","modified_gmt":"2019-07-02T12:27:28","slug":"29-06-19-scheunenfest","status":"publish","type":"page","link":"https:\/\/xn--rothemhl-c6a.de\/?page_id=2126","title":{"rendered":"29.06.19 &#8211; Scheunenfest"},"content":{"rendered":"\n<p> Viiiiel zu hei\u00df, aber es war trotzdem ein sch\u00f6ner Nachmittag. Kurz vor Beginn schon gro\u00dfe Aufregung: Die H\u00fcpfburg wurde nicht wie vereinbart geliefert. Dank an Christin Gr\u00f6ser u. J\u00f6rg Baumbach, die schnell und spontan eine Alternative organisierten. Tolles Programm unseres Countrys\u00e4ngers Thilo Morningstar, der nach fast 2-st\u00fcndigem Auftritt auf seine Gage verzichtete und diese f\u00fcrs Kinderprogramm spendete. Heeeeeerzlichen Dank daf\u00fcr! Lilli W\u00fcnschebaum lie\u00df keine W\u00fcnsche offen: Ein Super-Programm, das Alt und Jung begeisterte. Danke unseren Sponsoren, unserem Veranstalter &#8222;CARO-Event&#8220; aus Strasburg f\u00fcr die gute Zusammenarbeit, unseren Kuchenb\u00e4ckerinnen und unserer Gemeindevertretung! Und Dank nat\u00fcrlich allen G\u00e4sten, die mit ihrem Besuch diese Arbeit w\u00fcrdigten. <\/p>\n\n\n\n<ul class=\"wp-block-gallery columns-5 is-cropped wp-block-gallery-1 is-layout-flex wp-block-gallery-is-layout-flex\"><li class=\"blocks-gallery-item\"><figure><img loading=\"lazy\" decoding=\"async\" width=\"724\" height=\"1024\" src=\"http:\/\/xn--rothemhl-c6a.de\/wp-content\/uploads\/2019\/07\/000-724x1024.jpg\" alt=\"\" data-id=\"2129\" data-link=\"http:\/\/xn--rothemhl-c6a.de\/?attachment_id=2129\" class=\"wp-image-2129\" srcset=\"https:\/\/xn--rothemhl-c6a.de\/wp-content\/uploads\/2019\/07\/000-724x1024.jpg 724w, https:\/\/xn--rothemhl-c6a.de\/wp-content\/uploads\/2019\/07\/000-212x300.jpg 212w, https:\/\/xn--rothemhl-c6a.de\/wp-content\/uploads\/2019\/07\/000-768x1087.jpg 768w\" sizes=\"auto, (max-width: 724px) 100vw, 724px\" \/><\/figure><\/li><li class=\"blocks-gallery-item\"><figure><img loading=\"lazy\" decoding=\"async\" width=\"1024\" height=\"949\" src=\"http:\/\/xn--rothemhl-c6a.de\/wp-content\/uploads\/2019\/07\/Kuchen-1024x949.png\" alt=\"\" data-id=\"2149\" data-link=\"http:\/\/xn--rothemhl-c6a.de\/?attachment_id=2149\" class=\"wp-image-2149\" srcset=\"https:\/\/xn--rothemhl-c6a.de\/wp-content\/uploads\/2019\/07\/Kuchen-1024x949.png 1024w, https:\/\/xn--rothemhl-c6a.de\/wp-content\/uploads\/2019\/07\/Kuchen-300x278.png 300w, https:\/\/xn--rothemhl-c6a.de\/wp-content\/uploads\/2019\/07\/Kuchen-768x712.png 768w, https:\/\/xn--rothemhl-c6a.de\/wp-content\/uploads\/2019\/07\/Kuchen.png 1122w\" sizes=\"auto, (max-width: 1024px) 100vw, 1024px\" \/><\/figure><\/li><li class=\"blocks-gallery-item\"><figure><img loading=\"lazy\" decoding=\"async\" width=\"1024\" height=\"913\" src=\"http:\/\/xn--rothemhl-c6a.de\/wp-content\/uploads\/2019\/07\/002-1024x913.jpg\" alt=\"\" data-id=\"2150\" data-link=\"http:\/\/xn--rothemhl-c6a.de\/?attachment_id=2150\" class=\"wp-image-2150\" srcset=\"https:\/\/xn--rothemhl-c6a.de\/wp-content\/uploads\/2019\/07\/002-1024x913.jpg 1024w, https:\/\/xn--rothemhl-c6a.de\/wp-content\/uploads\/2019\/07\/002-300x268.jpg 300w, https:\/\/xn--rothemhl-c6a.de\/wp-content\/uploads\/2019\/07\/002-768x685.jpg 768w\" sizes=\"auto, (max-width: 1024px) 100vw, 1024px\" \/><\/figure><\/li><li class=\"blocks-gallery-item\"><figure><img loading=\"lazy\" decoding=\"async\" width=\"964\" height=\"707\" src=\"http:\/\/xn--rothemhl-c6a.de\/wp-content\/uploads\/2019\/07\/003a.jpg\" alt=\"\" data-id=\"2127\" data-link=\"http:\/\/xn--rothemhl-c6a.de\/?attachment_id=2127\" class=\"wp-image-2127\" srcset=\"https:\/\/xn--rothemhl-c6a.de\/wp-content\/uploads\/2019\/07\/003a.jpg 964w, https:\/\/xn--rothemhl-c6a.de\/wp-content\/uploads\/2019\/07\/003a-300x220.jpg 300w, https:\/\/xn--rothemhl-c6a.de\/wp-content\/uploads\/2019\/07\/003a-768x563.jpg 768w\" sizes=\"auto, (max-width: 964px) 100vw, 964px\" \/><\/figure><\/li><li class=\"blocks-gallery-item\"><figure><img loading=\"lazy\" decoding=\"async\" width=\"746\" height=\"667\" src=\"http:\/\/xn--rothemhl-c6a.de\/wp-content\/uploads\/2019\/07\/004.jpg\" alt=\"\" data-id=\"2128\" data-link=\"http:\/\/xn--rothemhl-c6a.de\/?attachment_id=2128\" class=\"wp-image-2128\" srcset=\"https:\/\/xn--rothemhl-c6a.de\/wp-content\/uploads\/2019\/07\/004.jpg 746w, https:\/\/xn--rothemhl-c6a.de\/wp-content\/uploads\/2019\/07\/004-300x268.jpg 300w\" sizes=\"auto, (max-width: 746px) 100vw, 746px\" \/><\/figure><\/li><li class=\"blocks-gallery-item\"><figure><img loading=\"lazy\" decoding=\"async\" width=\"1024\" height=\"744\" src=\"http:\/\/xn--rothemhl-c6a.de\/wp-content\/uploads\/2019\/07\/008-1024x744.jpg\" alt=\"\" data-id=\"2130\" data-link=\"http:\/\/xn--rothemhl-c6a.de\/?attachment_id=2130\" class=\"wp-image-2130\" srcset=\"https:\/\/xn--rothemhl-c6a.de\/wp-content\/uploads\/2019\/07\/008-1024x744.jpg 1024w, https:\/\/xn--rothemhl-c6a.de\/wp-content\/uploads\/2019\/07\/008-300x218.jpg 300w, https:\/\/xn--rothemhl-c6a.de\/wp-content\/uploads\/2019\/07\/008-768x558.jpg 768w, https:\/\/xn--rothemhl-c6a.de\/wp-content\/uploads\/2019\/07\/008.jpg 1074w\" sizes=\"auto, (max-width: 1024px) 100vw, 1024px\" \/><\/figure><\/li><li class=\"blocks-gallery-item\"><figure><img loading=\"lazy\" decoding=\"async\" width=\"1024\" height=\"571\" src=\"http:\/\/xn--rothemhl-c6a.de\/wp-content\/uploads\/2019\/07\/005-1024x571.jpg\" alt=\"\" data-id=\"2151\" data-link=\"http:\/\/xn--rothemhl-c6a.de\/?attachment_id=2151\" class=\"wp-image-2151\" srcset=\"https:\/\/xn--rothemhl-c6a.de\/wp-content\/uploads\/2019\/07\/005-1024x571.jpg 1024w, https:\/\/xn--rothemhl-c6a.de\/wp-content\/uploads\/2019\/07\/005-300x167.jpg 300w, https:\/\/xn--rothemhl-c6a.de\/wp-content\/uploads\/2019\/07\/005-768x428.jpg 768w\" sizes=\"auto, (max-width: 1024px) 100vw, 1024px\" \/><\/figure><\/li><li class=\"blocks-gallery-item\"><figure><img loading=\"lazy\" decoding=\"async\" width=\"1024\" height=\"503\" src=\"http:\/\/xn--rothemhl-c6a.de\/wp-content\/uploads\/2019\/07\/006-1024x503.jpg\" alt=\"\" data-id=\"2153\" data-link=\"http:\/\/xn--rothemhl-c6a.de\/?attachment_id=2153\" class=\"wp-image-2153\" srcset=\"https:\/\/xn--rothemhl-c6a.de\/wp-content\/uploads\/2019\/07\/006-1024x503.jpg 1024w, https:\/\/xn--rothemhl-c6a.de\/wp-content\/uploads\/2019\/07\/006-300x147.jpg 300w, https:\/\/xn--rothemhl-c6a.de\/wp-content\/uploads\/2019\/07\/006-768x377.jpg 768w\" sizes=\"auto, (max-width: 1024px) 100vw, 1024px\" \/><\/figure><\/li><li class=\"blocks-gallery-item\"><figure><img loading=\"lazy\" decoding=\"async\" width=\"1024\" height=\"589\" src=\"http:\/\/xn--rothemhl-c6a.de\/wp-content\/uploads\/2019\/07\/012-1024x589.jpg\" alt=\"\" data-id=\"2152\" data-link=\"http:\/\/xn--rothemhl-c6a.de\/?attachment_id=2152\" class=\"wp-image-2152\" srcset=\"https:\/\/xn--rothemhl-c6a.de\/wp-content\/uploads\/2019\/07\/012-1024x589.jpg 1024w, https:\/\/xn--rothemhl-c6a.de\/wp-content\/uploads\/2019\/07\/012-300x173.jpg 300w, https:\/\/xn--rothemhl-c6a.de\/wp-content\/uploads\/2019\/07\/012-768x442.jpg 768w, https:\/\/xn--rothemhl-c6a.de\/wp-content\/uploads\/2019\/07\/012.jpg 1421w\" sizes=\"auto, (max-width: 1024px) 100vw, 1024px\" \/><\/figure><\/li><li class=\"blocks-gallery-item\"><figure><img loading=\"lazy\" decoding=\"async\" width=\"1024\" height=\"657\" src=\"http:\/\/xn--rothemhl-c6a.de\/wp-content\/uploads\/2019\/07\/011-1024x657.jpg\" alt=\"\" data-id=\"2134\" data-link=\"http:\/\/xn--rothemhl-c6a.de\/?attachment_id=2134\" class=\"wp-image-2134\" srcset=\"https:\/\/xn--rothemhl-c6a.de\/wp-content\/uploads\/2019\/07\/011-1024x657.jpg 1024w, https:\/\/xn--rothemhl-c6a.de\/wp-content\/uploads\/2019\/07\/011-300x192.jpg 300w, https:\/\/xn--rothemhl-c6a.de\/wp-content\/uploads\/2019\/07\/011-768x493.jpg 768w, https:\/\/xn--rothemhl-c6a.de\/wp-content\/uploads\/2019\/07\/011.jpg 1177w\" sizes=\"auto, (max-width: 1024px) 100vw, 1024px\" \/><\/figure><\/li><li class=\"blocks-gallery-item\"><figure><img loading=\"lazy\" decoding=\"async\" width=\"1024\" height=\"768\" src=\"http:\/\/xn--rothemhl-c6a.de\/wp-content\/uploads\/2019\/07\/007-1024x768.jpg\" alt=\"\" data-id=\"2133\" data-link=\"http:\/\/xn--rothemhl-c6a.de\/?attachment_id=2133\" class=\"wp-image-2133\" srcset=\"https:\/\/xn--rothemhl-c6a.de\/wp-content\/uploads\/2019\/07\/007-1024x768.jpg 1024w, https:\/\/xn--rothemhl-c6a.de\/wp-content\/uploads\/2019\/07\/007-300x225.jpg 300w, https:\/\/xn--rothemhl-c6a.de\/wp-content\/uploads\/2019\/07\/007-768x576.jpg 768w, https:\/\/xn--rothemhl-c6a.de\/wp-content\/uploads\/2019\/07\/007.jpg 1600w\" sizes=\"auto, (max-width: 1024px) 100vw, 1024px\" \/><\/figure><\/li><li class=\"blocks-gallery-item\"><figure><img loading=\"lazy\" decoding=\"async\" width=\"1024\" height=\"444\" src=\"http:\/\/xn--rothemhl-c6a.de\/wp-content\/uploads\/2019\/07\/009-1024x444.jpg\" alt=\"\" data-id=\"2131\" data-link=\"http:\/\/xn--rothemhl-c6a.de\/?attachment_id=2131\" class=\"wp-image-2131\" srcset=\"https:\/\/xn--rothemhl-c6a.de\/wp-content\/uploads\/2019\/07\/009-1024x444.jpg 1024w, https:\/\/xn--rothemhl-c6a.de\/wp-content\/uploads\/2019\/07\/009-300x130.jpg 300w, https:\/\/xn--rothemhl-c6a.de\/wp-content\/uploads\/2019\/07\/009-768x333.jpg 768w, https:\/\/xn--rothemhl-c6a.de\/wp-content\/uploads\/2019\/07\/009.jpg 1385w\" sizes=\"auto, (max-width: 1024px) 100vw, 1024px\" \/><\/figure><\/li><li class=\"blocks-gallery-item\"><figure><img loading=\"lazy\" decoding=\"async\" width=\"1024\" height=\"659\" src=\"http:\/\/xn--rothemhl-c6a.de\/wp-content\/uploads\/2019\/07\/010-1024x659.jpg\" alt=\"\" data-id=\"2132\" data-link=\"http:\/\/xn--rothemhl-c6a.de\/?attachment_id=2132\" class=\"wp-image-2132\" srcset=\"https:\/\/xn--rothemhl-c6a.de\/wp-content\/uploads\/2019\/07\/010-1024x659.jpg 1024w, https:\/\/xn--rothemhl-c6a.de\/wp-content\/uploads\/2019\/07\/010-300x193.jpg 300w, https:\/\/xn--rothemhl-c6a.de\/wp-content\/uploads\/2019\/07\/010-768x494.jpg 768w, https:\/\/xn--rothemhl-c6a.de\/wp-content\/uploads\/2019\/07\/010.jpg 1107w\" sizes=\"auto, (max-width: 1024px) 100vw, 1024px\" \/><\/figure><\/li><li class=\"blocks-gallery-item\"><figure><img loading=\"lazy\" decoding=\"async\" width=\"1024\" height=\"768\" src=\"http:\/\/xn--rothemhl-c6a.de\/wp-content\/uploads\/2019\/07\/013-1024x768.jpg\" alt=\"\" data-id=\"2135\" data-link=\"http:\/\/xn--rothemhl-c6a.de\/?attachment_id=2135\" class=\"wp-image-2135\" srcset=\"https:\/\/xn--rothemhl-c6a.de\/wp-content\/uploads\/2019\/07\/013-1024x768.jpg 1024w, https:\/\/xn--rothemhl-c6a.de\/wp-content\/uploads\/2019\/07\/013-300x225.jpg 300w, https:\/\/xn--rothemhl-c6a.de\/wp-content\/uploads\/2019\/07\/013-768x576.jpg 768w, https:\/\/xn--rothemhl-c6a.de\/wp-content\/uploads\/2019\/07\/013.jpg 1600w\" sizes=\"auto, (max-width: 1024px) 100vw, 1024px\" \/><\/figure><\/li><li class=\"blocks-gallery-item\"><figure><img loading=\"lazy\" decoding=\"async\" width=\"1024\" height=\"591\" src=\"http:\/\/xn--rothemhl-c6a.de\/wp-content\/uploads\/2019\/07\/014-1024x591.jpg\" alt=\"\" data-id=\"2136\" data-link=\"http:\/\/xn--rothemhl-c6a.de\/?attachment_id=2136\" class=\"wp-image-2136\" srcset=\"https:\/\/xn--rothemhl-c6a.de\/wp-content\/uploads\/2019\/07\/014-1024x591.jpg 1024w, https:\/\/xn--rothemhl-c6a.de\/wp-content\/uploads\/2019\/07\/014-300x173.jpg 300w, https:\/\/xn--rothemhl-c6a.de\/wp-content\/uploads\/2019\/07\/014-768x443.jpg 768w, https:\/\/xn--rothemhl-c6a.de\/wp-content\/uploads\/2019\/07\/014.jpg 1224w\" sizes=\"auto, (max-width: 1024px) 100vw, 1024px\" \/><\/figure><\/li><li class=\"blocks-gallery-item\"><figure><img loading=\"lazy\" decoding=\"async\" width=\"904\" height=\"798\" src=\"http:\/\/xn--rothemhl-c6a.de\/wp-content\/uploads\/2019\/07\/017.jpg\" alt=\"\" data-id=\"2137\" data-link=\"http:\/\/xn--rothemhl-c6a.de\/?attachment_id=2137\" class=\"wp-image-2137\" srcset=\"https:\/\/xn--rothemhl-c6a.de\/wp-content\/uploads\/2019\/07\/017.jpg 904w, https:\/\/xn--rothemhl-c6a.de\/wp-content\/uploads\/2019\/07\/017-300x265.jpg 300w, https:\/\/xn--rothemhl-c6a.de\/wp-content\/uploads\/2019\/07\/017-768x678.jpg 768w\" sizes=\"auto, (max-width: 904px) 100vw, 904px\" \/><\/figure><\/li><li class=\"blocks-gallery-item\"><figure><img loading=\"lazy\" decoding=\"async\" width=\"1024\" height=\"768\" src=\"http:\/\/xn--rothemhl-c6a.de\/wp-content\/uploads\/2019\/07\/016-1024x768.jpg\" alt=\"\" data-id=\"2154\" data-link=\"http:\/\/xn--rothemhl-c6a.de\/?attachment_id=2154\" class=\"wp-image-2154\" srcset=\"https:\/\/xn--rothemhl-c6a.de\/wp-content\/uploads\/2019\/07\/016-1024x768.jpg 1024w, https:\/\/xn--rothemhl-c6a.de\/wp-content\/uploads\/2019\/07\/016-300x225.jpg 300w, https:\/\/xn--rothemhl-c6a.de\/wp-content\/uploads\/2019\/07\/016-768x576.jpg 768w\" sizes=\"auto, (max-width: 1024px) 100vw, 1024px\" \/><\/figure><\/li><li class=\"blocks-gallery-item\"><figure><img loading=\"lazy\" decoding=\"async\" width=\"1024\" height=\"703\" src=\"http:\/\/xn--rothemhl-c6a.de\/wp-content\/uploads\/2019\/07\/018-1024x703.jpg\" alt=\"\" data-id=\"2138\" data-link=\"http:\/\/xn--rothemhl-c6a.de\/?attachment_id=2138\" class=\"wp-image-2138\" srcset=\"https:\/\/xn--rothemhl-c6a.de\/wp-content\/uploads\/2019\/07\/018-1024x703.jpg 1024w, https:\/\/xn--rothemhl-c6a.de\/wp-content\/uploads\/2019\/07\/018-300x206.jpg 300w, https:\/\/xn--rothemhl-c6a.de\/wp-content\/uploads\/2019\/07\/018-768x527.jpg 768w, https:\/\/xn--rothemhl-c6a.de\/wp-content\/uploads\/2019\/07\/018.jpg 1361w\" sizes=\"auto, (max-width: 1024px) 100vw, 1024px\" \/><\/figure><\/li><li class=\"blocks-gallery-item\"><figure><img loading=\"lazy\" decoding=\"async\" width=\"967\" height=\"1000\" src=\"http:\/\/xn--rothemhl-c6a.de\/wp-content\/uploads\/2019\/07\/019.jpg\" alt=\"\" data-id=\"2139\" data-link=\"http:\/\/xn--rothemhl-c6a.de\/?attachment_id=2139\" class=\"wp-image-2139\" srcset=\"https:\/\/xn--rothemhl-c6a.de\/wp-content\/uploads\/2019\/07\/019.jpg 967w, https:\/\/xn--rothemhl-c6a.de\/wp-content\/uploads\/2019\/07\/019-290x300.jpg 290w, https:\/\/xn--rothemhl-c6a.de\/wp-content\/uploads\/2019\/07\/019-768x794.jpg 768w\" sizes=\"auto, (max-width: 967px) 100vw, 967px\" \/><\/figure><\/li><li class=\"blocks-gallery-item\"><figure><img loading=\"lazy\" decoding=\"async\" width=\"964\" height=\"959\" src=\"http:\/\/xn--rothemhl-c6a.de\/wp-content\/uploads\/2019\/07\/021.jpg\" alt=\"\" data-id=\"2140\" data-link=\"http:\/\/xn--rothemhl-c6a.de\/?attachment_id=2140\" class=\"wp-image-2140\" srcset=\"https:\/\/xn--rothemhl-c6a.de\/wp-content\/uploads\/2019\/07\/021.jpg 964w, https:\/\/xn--rothemhl-c6a.de\/wp-content\/uploads\/2019\/07\/021-150x150.jpg 150w, https:\/\/xn--rothemhl-c6a.de\/wp-content\/uploads\/2019\/07\/021-300x298.jpg 300w, https:\/\/xn--rothemhl-c6a.de\/wp-content\/uploads\/2019\/07\/021-768x764.jpg 768w\" sizes=\"auto, (max-width: 964px) 100vw, 964px\" \/><\/figure><\/li><li class=\"blocks-gallery-item\"><figure><img loading=\"lazy\" decoding=\"async\" width=\"1024\" height=\"768\" src=\"http:\/\/xn--rothemhl-c6a.de\/wp-content\/uploads\/2019\/07\/022-1024x768.jpg\" alt=\"\" data-id=\"2142\" data-link=\"http:\/\/xn--rothemhl-c6a.de\/?attachment_id=2142\" class=\"wp-image-2142\" srcset=\"https:\/\/xn--rothemhl-c6a.de\/wp-content\/uploads\/2019\/07\/022-1024x768.jpg 1024w, https:\/\/xn--rothemhl-c6a.de\/wp-content\/uploads\/2019\/07\/022-300x225.jpg 300w, https:\/\/xn--rothemhl-c6a.de\/wp-content\/uploads\/2019\/07\/022-768x576.jpg 768w, https:\/\/xn--rothemhl-c6a.de\/wp-content\/uploads\/2019\/07\/022.jpg 1600w\" sizes=\"auto, (max-width: 1024px) 100vw, 1024px\" \/><\/figure><\/li><li class=\"blocks-gallery-item\"><figure><img loading=\"lazy\" decoding=\"async\" width=\"1024\" height=\"697\" src=\"http:\/\/xn--rothemhl-c6a.de\/wp-content\/uploads\/2019\/07\/023-1024x697.jpg\" alt=\"\" data-id=\"2141\" data-link=\"http:\/\/xn--rothemhl-c6a.de\/?attachment_id=2141\" class=\"wp-image-2141\" srcset=\"https:\/\/xn--rothemhl-c6a.de\/wp-content\/uploads\/2019\/07\/023-1024x697.jpg 1024w, https:\/\/xn--rothemhl-c6a.de\/wp-content\/uploads\/2019\/07\/023-300x204.jpg 300w, https:\/\/xn--rothemhl-c6a.de\/wp-content\/uploads\/2019\/07\/023-768x523.jpg 768w, https:\/\/xn--rothemhl-c6a.de\/wp-content\/uploads\/2019\/07\/023.jpg 1353w\" sizes=\"auto, (max-width: 1024px) 100vw, 1024px\" \/><\/figure><\/li><li class=\"blocks-gallery-item\"><figure><img loading=\"lazy\" decoding=\"async\" width=\"1024\" height=\"480\" src=\"http:\/\/xn--rothemhl-c6a.de\/wp-content\/uploads\/2019\/07\/024-1024x480.jpg\" alt=\"\" data-id=\"2145\" data-link=\"http:\/\/xn--rothemhl-c6a.de\/?attachment_id=2145\" class=\"wp-image-2145\" srcset=\"https:\/\/xn--rothemhl-c6a.de\/wp-content\/uploads\/2019\/07\/024-1024x480.jpg 1024w, https:\/\/xn--rothemhl-c6a.de\/wp-content\/uploads\/2019\/07\/024-300x141.jpg 300w, https:\/\/xn--rothemhl-c6a.de\/wp-content\/uploads\/2019\/07\/024-768x360.jpg 768w\" sizes=\"auto, (max-width: 1024px) 100vw, 1024px\" \/><\/figure><\/li><li class=\"blocks-gallery-item\"><figure><img loading=\"lazy\" decoding=\"async\" width=\"1024\" height=\"604\" src=\"http:\/\/xn--rothemhl-c6a.de\/wp-content\/uploads\/2019\/07\/026-1024x604.jpg\" alt=\"\" data-id=\"2143\" data-link=\"http:\/\/xn--rothemhl-c6a.de\/?attachment_id=2143\" class=\"wp-image-2143\" srcset=\"https:\/\/xn--rothemhl-c6a.de\/wp-content\/uploads\/2019\/07\/026-1024x604.jpg 1024w, https:\/\/xn--rothemhl-c6a.de\/wp-content\/uploads\/2019\/07\/026-300x177.jpg 300w, https:\/\/xn--rothemhl-c6a.de\/wp-content\/uploads\/2019\/07\/026-768x453.jpg 768w, https:\/\/xn--rothemhl-c6a.de\/wp-content\/uploads\/2019\/07\/026.jpg 1535w\" sizes=\"auto, (max-width: 1024px) 100vw, 1024px\" \/><\/figure><\/li><li class=\"blocks-gallery-item\"><figure><img loading=\"lazy\" decoding=\"async\" width=\"1024\" height=\"675\" src=\"http:\/\/xn--rothemhl-c6a.de\/wp-content\/uploads\/2019\/07\/027-1024x675.jpg\" alt=\"\" data-id=\"2144\" data-link=\"http:\/\/xn--rothemhl-c6a.de\/?attachment_id=2144\" class=\"wp-image-2144\" srcset=\"https:\/\/xn--rothemhl-c6a.de\/wp-content\/uploads\/2019\/07\/027-1024x675.jpg 1024w, https:\/\/xn--rothemhl-c6a.de\/wp-content\/uploads\/2019\/07\/027-300x198.jpg 300w, https:\/\/xn--rothemhl-c6a.de\/wp-content\/uploads\/2019\/07\/027-768x506.jpg 768w, https:\/\/xn--rothemhl-c6a.de\/wp-content\/uploads\/2019\/07\/027.jpg 1269w\" sizes=\"auto, (max-width: 1024px) 100vw, 1024px\" \/><\/figure><\/li><li class=\"blocks-gallery-item\"><figure><img loading=\"lazy\" decoding=\"async\" width=\"1024\" height=\"546\" src=\"http:\/\/xn--rothemhl-c6a.de\/wp-content\/uploads\/2019\/07\/028-1024x546.jpg\" alt=\"\" data-id=\"2148\" data-link=\"http:\/\/xn--rothemhl-c6a.de\/?attachment_id=2148\" class=\"wp-image-2148\" srcset=\"https:\/\/xn--rothemhl-c6a.de\/wp-content\/uploads\/2019\/07\/028-1024x546.jpg 1024w, https:\/\/xn--rothemhl-c6a.de\/wp-content\/uploads\/2019\/07\/028-300x160.jpg 300w, https:\/\/xn--rothemhl-c6a.de\/wp-content\/uploads\/2019\/07\/028-768x409.jpg 768w, https:\/\/xn--rothemhl-c6a.de\/wp-content\/uploads\/2019\/07\/028.jpg 1556w\" sizes=\"auto, (max-width: 1024px) 100vw, 1024px\" \/><\/figure><\/li><li class=\"blocks-gallery-item\"><figure><img loading=\"lazy\" decoding=\"async\" width=\"1024\" height=\"616\" src=\"http:\/\/xn--rothemhl-c6a.de\/wp-content\/uploads\/2019\/07\/025-1024x616.jpg\" alt=\"\" data-id=\"2146\" data-link=\"http:\/\/xn--rothemhl-c6a.de\/?attachment_id=2146\" class=\"wp-image-2146\" srcset=\"https:\/\/xn--rothemhl-c6a.de\/wp-content\/uploads\/2019\/07\/025-1024x616.jpg 1024w, https:\/\/xn--rothemhl-c6a.de\/wp-content\/uploads\/2019\/07\/025-300x181.jpg 300w, https:\/\/xn--rothemhl-c6a.de\/wp-content\/uploads\/2019\/07\/025-768x462.jpg 768w\" sizes=\"auto, (max-width: 1024px) 100vw, 1024px\" \/><\/figure><\/li><li class=\"blocks-gallery-item\"><figure><img loading=\"lazy\" decoding=\"async\" width=\"1024\" height=\"644\" src=\"http:\/\/xn--rothemhl-c6a.de\/wp-content\/uploads\/2019\/07\/029-1024x644.jpg\" alt=\"\" data-id=\"2147\" data-link=\"http:\/\/xn--rothemhl-c6a.de\/?attachment_id=2147\" class=\"wp-image-2147\" srcset=\"https:\/\/xn--rothemhl-c6a.de\/wp-content\/uploads\/2019\/07\/029-1024x644.jpg 1024w, https:\/\/xn--rothemhl-c6a.de\/wp-content\/uploads\/2019\/07\/029-300x189.jpg 300w, https:\/\/xn--rothemhl-c6a.de\/wp-content\/uploads\/2019\/07\/029-768x483.jpg 768w, https:\/\/xn--rothemhl-c6a.de\/wp-content\/uploads\/2019\/07\/029.jpg 1314w\" sizes=\"auto, (max-width: 1024px) 100vw, 1024px\" \/><\/figure><\/li><\/ul>\n","protected":false},"excerpt":{"rendered":"<p>Viiiiel zu hei\u00df, aber es war trotzdem ein sch\u00f6ner Nachmittag. Kurz vor Beginn schon gro\u00dfe Aufregung: Die H\u00fcpfburg wurde nicht wie vereinbart geliefert. Dank an Christin Gr\u00f6ser u. J\u00f6rg Baumbach, die schnell und spontan eine Alternative organisierten. Tolles Programm unseres <span class=\"excerpt-dots\">&hellip;<\/span> <a class=\"more-link\" href=\"https:\/\/xn--rothemhl-c6a.de\/?page_id=2126\"><span class=\"more-msg\">Weiterlesen &rarr;<\/span><\/a><\/p>\n","protected":false},"author":1,"featured_media":0,"parent":183,"menu_order":4,"comment_status":"closed","ping_status":"closed","template":"","meta":{"footnotes":""},"class_list":["post-2126","page","type-page","status-publish","hentry"],"_links":{"self":[{"href":"https:\/\/xn--rothemhl-c6a.de\/index.php?rest_route=\/wp\/v2\/pages\/2126","targetHints":{"allow":["GET"]}}],"collection":[{"href":"https:\/\/xn--rothemhl-c6a.de\/index.php?rest_route=\/wp\/v2\/pages"}],"about":[{"href":"https:\/\/xn--rothemhl-c6a.de\/index.php?rest_route=\/wp\/v2\/types\/page"}],"author":[{"embeddable":true,"href":"https:\/\/xn--rothemhl-c6a.de\/index.php?rest_route=\/wp\/v2\/users\/1"}],"replies":[{"embeddable":true,"href":"https:\/\/xn--rothemhl-c6a.de\/index.php?rest_route=%2Fwp%2Fv2%2Fcomments&post=2126"}],"version-history":[{"count":1,"href":"https:\/\/xn--rothemhl-c6a.de\/index.php?rest_route=\/wp\/v2\/pages\/2126\/revisions"}],"predecessor-version":[{"id":2155,"href":"https:\/\/xn--rothemhl-c6a.de\/index.php?rest_route=\/wp\/v2\/pages\/2126\/revisions\/2155"}],"up":[{"embeddable":true,"href":"https:\/\/xn--rothemhl-c6a.de\/index.php?rest_route=\/wp\/v2\/pages\/183"}],"wp:attachment":[{"href":"https:\/\/xn--rothemhl-c6a.de\/index.php?rest_route=%2Fwp%2Fv2%2Fmedia&parent=2126"}],"curies":[{"name":"wp","href":"https:\/\/api.w.org\/{rel}","templated":true}]}}