{"id":19,"date":"2014-10-09T13:51:04","date_gmt":"2014-10-09T13:51:04","guid":{"rendered":"http:\/\/xn--rothemhl-c6a.de\/?page_id=19"},"modified":"2019-01-25T13:39:15","modified_gmt":"2019-01-25T13:39:15","slug":"ueber-uns","status":"publish","type":"page","link":"https:\/\/xn--rothemhl-c6a.de\/","title":{"rendered":""},"content":{"rendered":"<p><a href=\"http:\/\/xn--rothemhl-c6a.de\/wp-content\/uploads\/2014\/10\/008-Windm\u00fchle.jpg\"><img loading=\"lazy\" decoding=\"async\" class=\"wp-image-114 alignleft\" src=\"http:\/\/xn--rothemhl-c6a.de\/wp-content\/uploads\/2014\/10\/008-Windm\u00fchle-223x300.jpg\" alt=\"008 Windm\u00fchle\" width=\"187\" height=\"252\" srcset=\"https:\/\/xn--rothemhl-c6a.de\/wp-content\/uploads\/2014\/10\/008-Windm\u00fchle-223x300.jpg 223w, https:\/\/xn--rothemhl-c6a.de\/wp-content\/uploads\/2014\/10\/008-Windm\u00fchle-761x1024.jpg 761w\" sizes=\"auto, (max-width: 187px) 100vw, 187px\" \/><\/a><\/p>\n<p>Wir sind eine Gemeinde mit ca. 300 Einwohnern<br \/>\nin Mecklenburg-Vorpommern<br \/>\nim Landkreis Vorpommern-Greifswald.<\/p>\n<p>Rothem\u00fchl befindet sich am s\u00fcdlichen Rand des<br \/>\n<a href=\"http:\/\/naturpark-am-stettiner-haff.de\/\">&#8222;Naturpark am Stettiner Haff&#8220;<\/a><\/p>\n<p>8 km sind es bis zur Bundesstra\u00dfe 109<br \/>\n(Berlin\u2013Greifswald)<br \/>\nund ca. 15 km zur Autobahnauffahrt Strasburg<br \/>\nan der Bundesautobahn 20 (Ostseeautobahn).<\/p>\n<p><a href=\"http:\/\/xn--rothemhl-c6a.de\/wp-content\/uploads\/2014\/10\/Lage-Deutschland.jpg\"><img loading=\"lazy\" decoding=\"async\" class=\"size-medium wp-image-56 alignright\" src=\"http:\/\/xn--rothemhl-c6a.de\/wp-content\/uploads\/2014\/10\/Lage-Deutschland-224x300.jpg\" alt=\"Lage Deutschland\" width=\"224\" height=\"300\" srcset=\"https:\/\/xn--rothemhl-c6a.de\/wp-content\/uploads\/2014\/10\/Lage-Deutschland-224x300.jpg 224w, https:\/\/xn--rothemhl-c6a.de\/wp-content\/uploads\/2014\/10\/Lage-Deutschland.jpg 232w\" sizes=\"auto, (max-width: 224px) 100vw, 224px\" \/><\/a><br \/>\nAusflugsziele in der Umgebung<br \/>\n\u2013 <a href=\"http:\/\/www.wald-mv.de\/landesforst%E2%80%93mv\/Kompetenzzentrum-f%C3%BCr-forstliche-Nebenproduktion\/Samendarre-Jatznick\/\">Forstsamendarre Jatznick<\/a><br \/>\n\u2013 <a href=\"http:\/\/www.wald-mv.de\/Forstaemter\/Rothemuehl\/Maerchenwaldhaus\/\">M\u00e4rchenwald des Forstamtes Rothem\u00fchl<\/a><br \/>\n\u2013 <a href=\"http:\/\/www.holiday-pomerania.de\/tierpark-ueckermuende-zoo-am-stettiner-haff.html\">Tierpark Ueckerm\u00fcnde<\/a><br \/>\n\u2013 <a href=\"http:\/\/www.ukranenland.de\/\">Ukranenland Torgelow<\/a><br \/>\n\u2013 <a href=\"http:\/\/www.vorpommern.de\/reiseziele\/stettiner-haff\/\">Stettiner Haff<\/a><br \/>\n\u2013 <a href=\"https:\/\/www.deutschewildtierstiftung.de\/naturschutz\/modellprojekt-gut-klepelshagen\">Wildtierland Klepelshagen<\/a><br \/>\n\u2013 <a href=\"http:\/\/www.mpsb-online.de\/\">Mecklenburg-Pommersche-Schmalspurbahn in Schwichtenberg<\/a><br \/>\n&#8211; <a href=\"http:\/\/gut-neuensund.de\" target=\"_blank\" rel=\"noopener\">Gut Neuensund<\/a> mit \u00dcbernachtungsm\u00f6glichkeiten und Feierlocation<br \/>\n\u2013 Badem\u00f6glichkeit im <a href=\"https:\/\/de.wikipedia.org\/wiki\/Schmiedegrundsee\">Schmiedegrundsee<\/a><\/p>\n<p>Informationen aus der Umgebung erhalten Sie auch beim<br \/>\n<a href=\"http:\/\/www.brohmerberge.com\" target=\"_blank\" rel=\"noopener\">&#8222;Brohmer &amp; Helpter Berge Tourismusverein e.V.&#8220;<\/a>.<\/p>\n<p>Bis zur <a href=\"http:\/\/www.ostsee.de\/insel-usedom\/\">Insel Usedom<\/a> und nach <a href=\"http:\/\/www.szczecin.eu\/de\">Stettin<\/a><br \/>\nsind es jeweils ca. 60 km.<\/p>\n","protected":false},"excerpt":{"rendered":"<p>Wir sind eine Gemeinde mit ca. 300 Einwohnern in Mecklenburg-Vorpommern im Landkreis Vorpommern-Greifswald. Rothem\u00fchl befindet sich am s\u00fcdlichen Rand des &#8222;Naturpark am Stettiner Haff&#8220; 8 km sind es bis zur Bundesstra\u00dfe 109 (Berlin\u2013Greifswald) und ca. 15 km zur Autobahnauffahrt Strasburg <span class=\"excerpt-dots\">&hellip;<\/span> <a class=\"more-link\" href=\"https:\/\/xn--rothemhl-c6a.de\/\"><span class=\"more-msg\">Weiterlesen &rarr;<\/span><\/a><\/p>\n","protected":false},"author":1,"featured_media":0,"parent":0,"menu_order":0,"comment_status":"closed","ping_status":"closed","template":"","meta":{"footnotes":""},"class_list":["post-19","page","type-page","status-publish","hentry"],"_links":{"self":[{"href":"https:\/\/xn--rothemhl-c6a.de\/index.php?rest_route=\/wp\/v2\/pages\/19","targetHints":{"allow":["GET"]}}],"collection":[{"href":"https:\/\/xn--rothemhl-c6a.de\/index.php?rest_route=\/wp\/v2\/pages"}],"about":[{"href":"https:\/\/xn--rothemhl-c6a.de\/index.php?rest_route=\/wp\/v2\/types\/page"}],"author":[{"embeddable":true,"href":"https:\/\/xn--rothemhl-c6a.de\/index.php?rest_route=\/wp\/v2\/users\/1"}],"replies":[{"embeddable":true,"href":"https:\/\/xn--rothemhl-c6a.de\/index.php?rest_route=%2Fwp%2Fv2%2Fcomments&post=19"}],"version-history":[{"count":36,"href":"https:\/\/xn--rothemhl-c6a.de\/index.php?rest_route=\/wp\/v2\/pages\/19\/revisions"}],"predecessor-version":[{"id":2174,"href":"https:\/\/xn--rothemhl-c6a.de\/index.php?rest_route=\/wp\/v2\/pages\/19\/revisions\/2174"}],"wp:attachment":[{"href":"https:\/\/xn--rothemhl-c6a.de\/index.php?rest_route=%2Fwp%2Fv2%2Fmedia&parent=19"}],"curies":[{"name":"wp","href":"https:\/\/api.w.org\/{rel}","templated":true}]}}