{"id":35,"date":"2014-10-09T14:44:51","date_gmt":"2014-10-09T14:44:51","guid":{"rendered":"http:\/\/xn--rothemhl-c6a.de\/?page_id=35"},"modified":"2023-06-06T08:52:01","modified_gmt":"2023-06-06T08:52:01","slug":"kontakt","status":"publish","type":"page","link":"http:\/\/xn--rothemhl-c6a.de\/?page_id=35","title":{"rendered":"Kontakt"},"content":{"rendered":"<p><strong>ALLEN LEUTEN RECHT GETAN, IST EINE KUNST,\u00a0DIE KEINER KANN !!!!<\/strong><\/p>\n<p>Gemeindeverwaltung Rothem\u00fchl<br \/>\nDorfstra\u00dfe 61, 17379 Rothem\u00fchl<br \/>\n<strong>Tel. 0162 8976482<\/strong><br \/>\nw\u00e4hrend der <strong>Sprechzeiten<\/strong> der B\u00fcrgermeisterin <strong>Mittwoch 18.00 &#8211; 19.00 Uhr<\/strong><\/p>\n<p><strong>Email: buergermeister.rothemuehl@t-online.de<\/strong><\/p>\n<p><a href=\"http:\/\/xn--rothemhl-c6a.de\/wp-content\/uploads\/2014\/10\/019-Gemeinde-1.jpg\"><img loading=\"lazy\" decoding=\"async\" class=\"alignnone wp-image-127\" src=\"http:\/\/xn--rothemhl-c6a.de\/wp-content\/uploads\/2014\/10\/019-Gemeinde-1-300x150.jpg\" alt=\"019 Gemeinde 1\" width=\"424\" height=\"212\" srcset=\"http:\/\/xn--rothemhl-c6a.de\/wp-content\/uploads\/2014\/10\/019-Gemeinde-1-300x150.jpg 300w, http:\/\/xn--rothemhl-c6a.de\/wp-content\/uploads\/2014\/10\/019-Gemeinde-1-1024x512.jpg 1024w\" sizes=\"(max-width: 424px) 100vw, 424px\" \/><\/a><\/p>\n<p>Amtsverwaltung Torgelow-Ferdinandshof<br \/>\nGemeinde Rothem\u00fchl<br \/>\nBahnhofstra\u00dfe 2, 17358 Torgelow<br \/>\nTel.: 03976 252-0<\/p>\n","protected":false},"excerpt":{"rendered":"<p>ALLEN LEUTEN RECHT GETAN, IST EINE KUNST,\u00a0DIE KEINER KANN !!!! Gemeindeverwaltung Rothem\u00fchl Dorfstra\u00dfe 61, 17379 Rothem\u00fchl Tel. 0162 8976482 w\u00e4hrend der Sprechzeiten der B\u00fcrgermeisterin Mittwoch 18.00 &#8211; 19.00 Uhr Email: buergermeister.rothemuehl@t-online.de Amtsverwaltung Torgelow-Ferdinandshof Gemeinde Rothem\u00fchl Bahnhofstra\u00dfe 2, 17358 Torgelow Tel.: <span class=\"excerpt-dots\">&hellip;<\/span> <a class=\"more-link\" href=\"http:\/\/xn--rothemhl-c6a.de\/?page_id=35\"><span class=\"more-msg\">Weiterlesen &rarr;<\/span><\/a><\/p>\n","protected":false},"author":1,"featured_media":0,"parent":0,"menu_order":6,"comment_status":"closed","ping_status":"closed","template":"","meta":{"footnotes":""},"class_list":["post-35","page","type-page","status-publish","hentry"],"_links":{"self":[{"href":"http:\/\/xn--rothemhl-c6a.de\/index.php?rest_route=\/wp\/v2\/pages\/35"}],"collection":[{"href":"http:\/\/xn--rothemhl-c6a.de\/index.php?rest_route=\/wp\/v2\/pages"}],"about":[{"href":"http:\/\/xn--rothemhl-c6a.de\/index.php?rest_route=\/wp\/v2\/types\/page"}],"author":[{"embeddable":true,"href":"http:\/\/xn--rothemhl-c6a.de\/index.php?rest_route=\/wp\/v2\/users\/1"}],"replies":[{"embeddable":true,"href":"http:\/\/xn--rothemhl-c6a.de\/index.php?rest_route=%2Fwp%2Fv2%2Fcomments&post=35"}],"version-history":[{"count":18,"href":"http:\/\/xn--rothemhl-c6a.de\/index.php?rest_route=\/wp\/v2\/pages\/35\/revisions"}],"predecessor-version":[{"id":2262,"href":"http:\/\/xn--rothemhl-c6a.de\/index.php?rest_route=\/wp\/v2\/pages\/35\/revisions\/2262"}],"wp:attachment":[{"href":"http:\/\/xn--rothemhl-c6a.de\/index.php?rest_route=%2Fwp%2Fv2%2Fmedia&parent=35"}],"curies":[{"name":"wp","href":"https:\/\/api.w.org\/{rel}","templated":true}]}}