{"id":1951,"date":"2018-12-03T11:05:35","date_gmt":"2018-12-03T11:05:35","guid":{"rendered":"http:\/\/xn--rothemhl-c6a.de\/?page_id=1951"},"modified":"2019-06-07T22:11:08","modified_gmt":"2019-06-07T22:11:08","slug":"01-12-18-adventsfest","status":"publish","type":"page","link":"http:\/\/xn--rothemhl-c6a.de\/?page_id=1951","title":{"rendered":"01.12.18 &#8211; Adventsfest"},"content":{"rendered":"<p>Veranstalter war unser Sportverein.<br \/>\nAuch wenn in den umliegenden Gemeinden mehrere Veranstaltungen<br \/>\ngleichzeitig statt fanden, haben sich einige Leute zu uns verirrt.<br \/>\nWir hatten einen sch\u00f6nen Nachmittag.<br \/>\nDekoriert wurde \u00fcberwiegend wieder von Jonny Sonnemann, der auch mit seinem<br \/>\n&#8222;Weihnachtsschlitten&#8220; f\u00fcr viel Freude bei Jung und Alt sorgte.<br \/>\nWir hatten eine &#8222;Kinder-Bastelstube&#8220; eingerichtet und danken hier<br \/>\nAnja Westphal f\u00fcr die Organisation und Durchf\u00fchrung.<br \/>\nDen Job der &#8222;Waffeltante&#8220; hatte Nora Voltz \u00fcbernommen.<br \/>\nWeihnachtsmann Martin Baumbach und Weihnachtsfrau Marie-Luise Nentwich\u00a0begr\u00fc\u00dften unsere G\u00e4ste.<br \/>\nUnser Highlight war das Programm mit Jonny Henning. Wir waren begeistert.<br \/>\nDanke allen Mitwirkenden!<br \/>\n\n\t\t<style type=\"text\/css\">\n\t\t\t#gallery-1 {\n\t\t\t\tmargin: auto;\n\t\t\t}\n\t\t\t#gallery-1 .gallery-item {\n\t\t\t\tfloat: left;\n\t\t\t\tmargin-top: 10px;\n\t\t\t\ttext-align: center;\n\t\t\t\twidth: 33%;\n\t\t\t}\n\t\t\t#gallery-1 img {\n\t\t\t\tborder: 2px solid #cfcfcf;\n\t\t\t}\n\t\t\t#gallery-1 .gallery-caption {\n\t\t\t\tmargin-left: 0;\n\t\t\t}\n\t\t\t\/* see gallery_shortcode() in wp-includes\/media.php *\/\n\t\t<\/style>\n\t\t<div id='gallery-1' class='gallery galleryid-1951 gallery-columns-3 gallery-size-thumbnail'><dl class='gallery-item'>\n\t\t\t<dt class='gallery-icon portrait'>\n\t\t\t\t<a href='http:\/\/xn--rothemhl-c6a.de\/?attachment_id=1952'><img loading=\"lazy\" decoding=\"async\" width=\"150\" height=\"150\" src=\"http:\/\/xn--rothemhl-c6a.de\/wp-content\/uploads\/2018\/12\/001-1-150x150.jpg\" class=\"attachment-thumbnail size-thumbnail\" alt=\"\" \/><\/a>\n\t\t\t<\/dt><\/dl><dl class='gallery-item'>\n\t\t\t<dt class='gallery-icon landscape'>\n\t\t\t\t<a href='http:\/\/xn--rothemhl-c6a.de\/?attachment_id=1953'><img loading=\"lazy\" decoding=\"async\" width=\"150\" height=\"150\" src=\"http:\/\/xn--rothemhl-c6a.de\/wp-content\/uploads\/2018\/12\/002-1-150x150.jpg\" class=\"attachment-thumbnail size-thumbnail\" alt=\"\" \/><\/a>\n\t\t\t<\/dt><\/dl><dl class='gallery-item'>\n\t\t\t<dt class='gallery-icon landscape'>\n\t\t\t\t<a href='http:\/\/xn--rothemhl-c6a.de\/?attachment_id=1954'><img loading=\"lazy\" decoding=\"async\" width=\"150\" height=\"150\" src=\"http:\/\/xn--rothemhl-c6a.de\/wp-content\/uploads\/2018\/12\/003-1-150x150.jpg\" class=\"attachment-thumbnail size-thumbnail\" alt=\"\" \/><\/a>\n\t\t\t<\/dt><\/dl><br style=\"clear: both\" \/><dl class='gallery-item'>\n\t\t\t<dt class='gallery-icon landscape'>\n\t\t\t\t<a href='http:\/\/xn--rothemhl-c6a.de\/?attachment_id=1955'><img loading=\"lazy\" decoding=\"async\" width=\"150\" height=\"150\" src=\"http:\/\/xn--rothemhl-c6a.de\/wp-content\/uploads\/2018\/12\/004-1-150x150.jpg\" class=\"attachment-thumbnail size-thumbnail\" alt=\"\" \/><\/a>\n\t\t\t<\/dt><\/dl><dl class='gallery-item'>\n\t\t\t<dt class='gallery-icon landscape'>\n\t\t\t\t<a href='http:\/\/xn--rothemhl-c6a.de\/?attachment_id=1956'><img loading=\"lazy\" decoding=\"async\" width=\"150\" height=\"150\" src=\"http:\/\/xn--rothemhl-c6a.de\/wp-content\/uploads\/2018\/12\/005-1-150x150.jpg\" class=\"attachment-thumbnail size-thumbnail\" alt=\"\" \/><\/a>\n\t\t\t<\/dt><\/dl><dl class='gallery-item'>\n\t\t\t<dt class='gallery-icon landscape'>\n\t\t\t\t<a href='http:\/\/xn--rothemhl-c6a.de\/?attachment_id=1957'><img loading=\"lazy\" decoding=\"async\" width=\"150\" height=\"150\" src=\"http:\/\/xn--rothemhl-c6a.de\/wp-content\/uploads\/2018\/12\/006-1-150x150.jpg\" class=\"attachment-thumbnail size-thumbnail\" alt=\"\" \/><\/a>\n\t\t\t<\/dt><\/dl><br style=\"clear: both\" \/><dl class='gallery-item'>\n\t\t\t<dt class='gallery-icon portrait'>\n\t\t\t\t<a href='http:\/\/xn--rothemhl-c6a.de\/?attachment_id=1958'><img loading=\"lazy\" decoding=\"async\" width=\"150\" height=\"150\" src=\"http:\/\/xn--rothemhl-c6a.de\/wp-content\/uploads\/2018\/12\/007-1-150x150.jpg\" class=\"attachment-thumbnail size-thumbnail\" alt=\"\" \/><\/a>\n\t\t\t<\/dt><\/dl><dl class='gallery-item'>\n\t\t\t<dt class='gallery-icon portrait'>\n\t\t\t\t<a href='http:\/\/xn--rothemhl-c6a.de\/?attachment_id=1959'><img loading=\"lazy\" decoding=\"async\" width=\"150\" height=\"150\" src=\"http:\/\/xn--rothemhl-c6a.de\/wp-content\/uploads\/2018\/12\/008-1-150x150.jpg\" class=\"attachment-thumbnail size-thumbnail\" alt=\"\" \/><\/a>\n\t\t\t<\/dt><\/dl><dl class='gallery-item'>\n\t\t\t<dt class='gallery-icon landscape'>\n\t\t\t\t<a href='http:\/\/xn--rothemhl-c6a.de\/?attachment_id=1960'><img loading=\"lazy\" decoding=\"async\" width=\"150\" height=\"150\" src=\"http:\/\/xn--rothemhl-c6a.de\/wp-content\/uploads\/2018\/12\/009-1-150x150.jpg\" class=\"attachment-thumbnail size-thumbnail\" alt=\"\" \/><\/a>\n\t\t\t<\/dt><\/dl><br style=\"clear: both\" \/><dl class='gallery-item'>\n\t\t\t<dt class='gallery-icon landscape'>\n\t\t\t\t<a href='http:\/\/xn--rothemhl-c6a.de\/?attachment_id=1961'><img loading=\"lazy\" decoding=\"async\" width=\"150\" height=\"150\" src=\"http:\/\/xn--rothemhl-c6a.de\/wp-content\/uploads\/2018\/12\/010-1-150x150.jpg\" class=\"attachment-thumbnail size-thumbnail\" alt=\"\" \/><\/a>\n\t\t\t<\/dt><\/dl><dl class='gallery-item'>\n\t\t\t<dt class='gallery-icon landscape'>\n\t\t\t\t<a href='http:\/\/xn--rothemhl-c6a.de\/?attachment_id=1962'><img loading=\"lazy\" decoding=\"async\" width=\"150\" height=\"150\" src=\"http:\/\/xn--rothemhl-c6a.de\/wp-content\/uploads\/2018\/12\/011-1-150x150.jpg\" class=\"attachment-thumbnail size-thumbnail\" alt=\"\" \/><\/a>\n\t\t\t<\/dt><\/dl><dl class='gallery-item'>\n\t\t\t<dt class='gallery-icon portrait'>\n\t\t\t\t<a href='http:\/\/xn--rothemhl-c6a.de\/?attachment_id=1963'><img loading=\"lazy\" decoding=\"async\" width=\"150\" height=\"150\" src=\"http:\/\/xn--rothemhl-c6a.de\/wp-content\/uploads\/2018\/12\/012-1-150x150.jpg\" class=\"attachment-thumbnail size-thumbnail\" alt=\"\" \/><\/a>\n\t\t\t<\/dt><\/dl><br style=\"clear: both\" \/><dl class='gallery-item'>\n\t\t\t<dt class='gallery-icon landscape'>\n\t\t\t\t<a href='http:\/\/xn--rothemhl-c6a.de\/?attachment_id=1964'><img loading=\"lazy\" decoding=\"async\" width=\"150\" height=\"150\" src=\"http:\/\/xn--rothemhl-c6a.de\/wp-content\/uploads\/2018\/12\/013-1-150x150.jpg\" class=\"attachment-thumbnail size-thumbnail\" alt=\"\" \/><\/a>\n\t\t\t<\/dt><\/dl><dl class='gallery-item'>\n\t\t\t<dt class='gallery-icon landscape'>\n\t\t\t\t<a href='http:\/\/xn--rothemhl-c6a.de\/?attachment_id=1965'><img loading=\"lazy\" decoding=\"async\" width=\"150\" height=\"150\" src=\"http:\/\/xn--rothemhl-c6a.de\/wp-content\/uploads\/2018\/12\/014-1-150x150.jpg\" class=\"attachment-thumbnail size-thumbnail\" alt=\"\" \/><\/a>\n\t\t\t<\/dt><\/dl><dl class='gallery-item'>\n\t\t\t<dt class='gallery-icon landscape'>\n\t\t\t\t<a href='http:\/\/xn--rothemhl-c6a.de\/?attachment_id=1966'><img loading=\"lazy\" decoding=\"async\" width=\"150\" height=\"150\" src=\"http:\/\/xn--rothemhl-c6a.de\/wp-content\/uploads\/2018\/12\/015-1-150x150.jpg\" class=\"attachment-thumbnail size-thumbnail\" alt=\"\" \/><\/a>\n\t\t\t<\/dt><\/dl><br style=\"clear: both\" \/><dl class='gallery-item'>\n\t\t\t<dt class='gallery-icon landscape'>\n\t\t\t\t<a href='http:\/\/xn--rothemhl-c6a.de\/?attachment_id=1967'><img loading=\"lazy\" decoding=\"async\" width=\"150\" height=\"150\" src=\"http:\/\/xn--rothemhl-c6a.de\/wp-content\/uploads\/2018\/12\/016-1-150x150.jpg\" class=\"attachment-thumbnail size-thumbnail\" alt=\"\" \/><\/a>\n\t\t\t<\/dt><\/dl><dl class='gallery-item'>\n\t\t\t<dt class='gallery-icon portrait'>\n\t\t\t\t<a href='http:\/\/xn--rothemhl-c6a.de\/?attachment_id=1968'><img loading=\"lazy\" decoding=\"async\" width=\"150\" height=\"150\" src=\"http:\/\/xn--rothemhl-c6a.de\/wp-content\/uploads\/2018\/12\/017-1-150x150.jpg\" class=\"attachment-thumbnail size-thumbnail\" alt=\"\" \/><\/a>\n\t\t\t<\/dt><\/dl><dl class='gallery-item'>\n\t\t\t<dt class='gallery-icon landscape'>\n\t\t\t\t<a href='http:\/\/xn--rothemhl-c6a.de\/?attachment_id=1969'><img loading=\"lazy\" decoding=\"async\" width=\"150\" height=\"150\" src=\"http:\/\/xn--rothemhl-c6a.de\/wp-content\/uploads\/2018\/12\/018-1-150x150.jpg\" class=\"attachment-thumbnail size-thumbnail\" alt=\"\" \/><\/a>\n\t\t\t<\/dt><\/dl><br style=\"clear: both\" \/><dl class='gallery-item'>\n\t\t\t<dt class='gallery-icon portrait'>\n\t\t\t\t<a href='http:\/\/xn--rothemhl-c6a.de\/?attachment_id=1970'><img loading=\"lazy\" decoding=\"async\" width=\"150\" height=\"150\" src=\"http:\/\/xn--rothemhl-c6a.de\/wp-content\/uploads\/2018\/12\/019-1-150x150.jpg\" class=\"attachment-thumbnail size-thumbnail\" alt=\"\" \/><\/a>\n\t\t\t<\/dt><\/dl><dl class='gallery-item'>\n\t\t\t<dt class='gallery-icon portrait'>\n\t\t\t\t<a href='http:\/\/xn--rothemhl-c6a.de\/?attachment_id=1971'><img loading=\"lazy\" decoding=\"async\" width=\"150\" height=\"150\" src=\"http:\/\/xn--rothemhl-c6a.de\/wp-content\/uploads\/2018\/12\/020-1-150x150.jpg\" class=\"attachment-thumbnail size-thumbnail\" alt=\"\" \/><\/a>\n\t\t\t<\/dt><\/dl><dl class='gallery-item'>\n\t\t\t<dt class='gallery-icon landscape'>\n\t\t\t\t<a href='http:\/\/xn--rothemhl-c6a.de\/?attachment_id=1972'><img loading=\"lazy\" decoding=\"async\" width=\"150\" height=\"150\" src=\"http:\/\/xn--rothemhl-c6a.de\/wp-content\/uploads\/2018\/12\/021-1-150x150.jpg\" class=\"attachment-thumbnail size-thumbnail\" alt=\"\" \/><\/a>\n\t\t\t<\/dt><\/dl><br style=\"clear: both\" \/><dl class='gallery-item'>\n\t\t\t<dt class='gallery-icon landscape'>\n\t\t\t\t<a href='http:\/\/xn--rothemhl-c6a.de\/?attachment_id=1973'><img loading=\"lazy\" decoding=\"async\" width=\"150\" height=\"150\" src=\"http:\/\/xn--rothemhl-c6a.de\/wp-content\/uploads\/2018\/12\/022-1-150x150.jpg\" class=\"attachment-thumbnail size-thumbnail\" alt=\"\" \/><\/a>\n\t\t\t<\/dt><\/dl><dl class='gallery-item'>\n\t\t\t<dt class='gallery-icon landscape'>\n\t\t\t\t<a href='http:\/\/xn--rothemhl-c6a.de\/?attachment_id=1974'><img loading=\"lazy\" decoding=\"async\" width=\"150\" height=\"150\" src=\"http:\/\/xn--rothemhl-c6a.de\/wp-content\/uploads\/2018\/12\/023-1-150x150.jpg\" class=\"attachment-thumbnail size-thumbnail\" alt=\"\" \/><\/a>\n\t\t\t<\/dt><\/dl><dl class='gallery-item'>\n\t\t\t<dt class='gallery-icon landscape'>\n\t\t\t\t<a href='http:\/\/xn--rothemhl-c6a.de\/?attachment_id=1975'><img loading=\"lazy\" decoding=\"async\" width=\"150\" height=\"150\" src=\"http:\/\/xn--rothemhl-c6a.de\/wp-content\/uploads\/2018\/12\/024-1-150x150.jpg\" class=\"attachment-thumbnail size-thumbnail\" alt=\"\" \/><\/a>\n\t\t\t<\/dt><\/dl><br style=\"clear: both\" \/><dl class='gallery-item'>\n\t\t\t<dt class='gallery-icon landscape'>\n\t\t\t\t<a href='http:\/\/xn--rothemhl-c6a.de\/?attachment_id=1976'><img loading=\"lazy\" decoding=\"async\" width=\"150\" height=\"150\" src=\"http:\/\/xn--rothemhl-c6a.de\/wp-content\/uploads\/2018\/12\/025-1-150x150.jpg\" class=\"attachment-thumbnail size-thumbnail\" alt=\"\" \/><\/a>\n\t\t\t<\/dt><\/dl><dl class='gallery-item'>\n\t\t\t<dt class='gallery-icon landscape'>\n\t\t\t\t<a href='http:\/\/xn--rothemhl-c6a.de\/?attachment_id=1977'><img loading=\"lazy\" decoding=\"async\" width=\"150\" height=\"150\" src=\"http:\/\/xn--rothemhl-c6a.de\/wp-content\/uploads\/2018\/12\/026-1-150x150.jpg\" class=\"attachment-thumbnail size-thumbnail\" alt=\"\" \/><\/a>\n\t\t\t<\/dt><\/dl><dl class='gallery-item'>\n\t\t\t<dt class='gallery-icon landscape'>\n\t\t\t\t<a href='http:\/\/xn--rothemhl-c6a.de\/?attachment_id=1978'><img loading=\"lazy\" decoding=\"async\" width=\"150\" height=\"150\" src=\"http:\/\/xn--rothemhl-c6a.de\/wp-content\/uploads\/2018\/12\/027-1-150x150.jpg\" class=\"attachment-thumbnail size-thumbnail\" alt=\"\" \/><\/a>\n\t\t\t<\/dt><\/dl><br style=\"clear: both\" \/><dl class='gallery-item'>\n\t\t\t<dt class='gallery-icon portrait'>\n\t\t\t\t<a href='http:\/\/xn--rothemhl-c6a.de\/?attachment_id=1979'><img loading=\"lazy\" decoding=\"async\" width=\"150\" height=\"150\" src=\"http:\/\/xn--rothemhl-c6a.de\/wp-content\/uploads\/2018\/12\/028-1-150x150.jpg\" class=\"attachment-thumbnail size-thumbnail\" alt=\"\" \/><\/a>\n\t\t\t<\/dt><\/dl><dl class='gallery-item'>\n\t\t\t<dt class='gallery-icon landscape'>\n\t\t\t\t<a href='http:\/\/xn--rothemhl-c6a.de\/?attachment_id=1980'><img loading=\"lazy\" decoding=\"async\" width=\"150\" height=\"150\" src=\"http:\/\/xn--rothemhl-c6a.de\/wp-content\/uploads\/2018\/12\/029-1-150x150.jpg\" class=\"attachment-thumbnail size-thumbnail\" alt=\"\" \/><\/a>\n\t\t\t<\/dt><\/dl><dl class='gallery-item'>\n\t\t\t<dt class='gallery-icon landscape'>\n\t\t\t\t<a href='http:\/\/xn--rothemhl-c6a.de\/?attachment_id=1981'><img loading=\"lazy\" decoding=\"async\" width=\"150\" height=\"150\" src=\"http:\/\/xn--rothemhl-c6a.de\/wp-content\/uploads\/2018\/12\/030-1-150x150.jpg\" class=\"attachment-thumbnail size-thumbnail\" alt=\"\" \/><\/a>\n\t\t\t<\/dt><\/dl><br style=\"clear: both\" \/><dl class='gallery-item'>\n\t\t\t<dt class='gallery-icon landscape'>\n\t\t\t\t<a href='http:\/\/xn--rothemhl-c6a.de\/?attachment_id=1982'><img loading=\"lazy\" decoding=\"async\" width=\"150\" height=\"150\" src=\"http:\/\/xn--rothemhl-c6a.de\/wp-content\/uploads\/2018\/12\/031-1-150x150.jpg\" class=\"attachment-thumbnail size-thumbnail\" alt=\"\" \/><\/a>\n\t\t\t<\/dt><\/dl><dl class='gallery-item'>\n\t\t\t<dt class='gallery-icon landscape'>\n\t\t\t\t<a href='http:\/\/xn--rothemhl-c6a.de\/?attachment_id=1983'><img loading=\"lazy\" decoding=\"async\" width=\"150\" height=\"150\" src=\"http:\/\/xn--rothemhl-c6a.de\/wp-content\/uploads\/2018\/12\/032-1-150x150.jpg\" class=\"attachment-thumbnail size-thumbnail\" alt=\"\" \/><\/a>\n\t\t\t<\/dt><\/dl><dl class='gallery-item'>\n\t\t\t<dt class='gallery-icon landscape'>\n\t\t\t\t<a href='http:\/\/xn--rothemhl-c6a.de\/?attachment_id=1984'><img loading=\"lazy\" decoding=\"async\" width=\"150\" height=\"150\" src=\"http:\/\/xn--rothemhl-c6a.de\/wp-content\/uploads\/2018\/12\/033-1-150x150.jpg\" class=\"attachment-thumbnail size-thumbnail\" alt=\"\" \/><\/a>\n\t\t\t<\/dt><\/dl><br style=\"clear: both\" \/><dl class='gallery-item'>\n\t\t\t<dt class='gallery-icon landscape'>\n\t\t\t\t<a href='http:\/\/xn--rothemhl-c6a.de\/?attachment_id=1985'><img loading=\"lazy\" decoding=\"async\" width=\"150\" height=\"150\" src=\"http:\/\/xn--rothemhl-c6a.de\/wp-content\/uploads\/2018\/12\/034-1-150x150.jpg\" class=\"attachment-thumbnail size-thumbnail\" alt=\"\" \/><\/a>\n\t\t\t<\/dt><\/dl><dl class='gallery-item'>\n\t\t\t<dt class='gallery-icon landscape'>\n\t\t\t\t<a href='http:\/\/xn--rothemhl-c6a.de\/?attachment_id=1986'><img loading=\"lazy\" decoding=\"async\" width=\"150\" height=\"150\" src=\"http:\/\/xn--rothemhl-c6a.de\/wp-content\/uploads\/2018\/12\/035-1-150x150.jpg\" class=\"attachment-thumbnail size-thumbnail\" alt=\"\" \/><\/a>\n\t\t\t<\/dt><\/dl><dl class='gallery-item'>\n\t\t\t<dt class='gallery-icon landscape'>\n\t\t\t\t<a href='http:\/\/xn--rothemhl-c6a.de\/?attachment_id=1987'><img loading=\"lazy\" decoding=\"async\" width=\"150\" height=\"150\" src=\"http:\/\/xn--rothemhl-c6a.de\/wp-content\/uploads\/2018\/12\/036-1-150x150.jpg\" class=\"attachment-thumbnail size-thumbnail\" alt=\"\" \/><\/a>\n\t\t\t<\/dt><\/dl><br style=\"clear: both\" \/><dl class='gallery-item'>\n\t\t\t<dt class='gallery-icon landscape'>\n\t\t\t\t<a href='http:\/\/xn--rothemhl-c6a.de\/?attachment_id=1988'><img loading=\"lazy\" decoding=\"async\" width=\"150\" height=\"150\" src=\"http:\/\/xn--rothemhl-c6a.de\/wp-content\/uploads\/2018\/12\/037-1-150x150.jpg\" class=\"attachment-thumbnail size-thumbnail\" alt=\"\" \/><\/a>\n\t\t\t<\/dt><\/dl><dl class='gallery-item'>\n\t\t\t<dt class='gallery-icon landscape'>\n\t\t\t\t<a href='http:\/\/xn--rothemhl-c6a.de\/?attachment_id=1989'><img loading=\"lazy\" decoding=\"async\" width=\"150\" height=\"150\" src=\"http:\/\/xn--rothemhl-c6a.de\/wp-content\/uploads\/2018\/12\/038-1-150x150.jpg\" class=\"attachment-thumbnail size-thumbnail\" alt=\"\" \/><\/a>\n\t\t\t<\/dt><\/dl><dl class='gallery-item'>\n\t\t\t<dt class='gallery-icon landscape'>\n\t\t\t\t<a href='http:\/\/xn--rothemhl-c6a.de\/?attachment_id=1990'><img loading=\"lazy\" decoding=\"async\" width=\"150\" height=\"150\" src=\"http:\/\/xn--rothemhl-c6a.de\/wp-content\/uploads\/2018\/12\/039-1-150x150.jpg\" class=\"attachment-thumbnail size-thumbnail\" alt=\"\" \/><\/a>\n\t\t\t<\/dt><\/dl><br style=\"clear: both\" \/><dl class='gallery-item'>\n\t\t\t<dt class='gallery-icon landscape'>\n\t\t\t\t<a href='http:\/\/xn--rothemhl-c6a.de\/?attachment_id=1991'><img loading=\"lazy\" decoding=\"async\" width=\"150\" height=\"150\" src=\"http:\/\/xn--rothemhl-c6a.de\/wp-content\/uploads\/2018\/12\/040-150x150.jpg\" class=\"attachment-thumbnail size-thumbnail\" alt=\"\" \/><\/a>\n\t\t\t<\/dt><\/dl><dl class='gallery-item'>\n\t\t\t<dt class='gallery-icon landscape'>\n\t\t\t\t<a href='http:\/\/xn--rothemhl-c6a.de\/?attachment_id=1992'><img loading=\"lazy\" decoding=\"async\" width=\"150\" height=\"150\" src=\"http:\/\/xn--rothemhl-c6a.de\/wp-content\/uploads\/2018\/12\/041-150x150.jpg\" class=\"attachment-thumbnail size-thumbnail\" alt=\"\" \/><\/a>\n\t\t\t<\/dt><\/dl><dl class='gallery-item'>\n\t\t\t<dt class='gallery-icon landscape'>\n\t\t\t\t<a href='http:\/\/xn--rothemhl-c6a.de\/?attachment_id=1993'><img loading=\"lazy\" decoding=\"async\" width=\"150\" height=\"150\" src=\"http:\/\/xn--rothemhl-c6a.de\/wp-content\/uploads\/2018\/12\/042-150x150.jpg\" class=\"attachment-thumbnail size-thumbnail\" alt=\"\" \/><\/a>\n\t\t\t<\/dt><\/dl><br style=\"clear: both\" \/><dl class='gallery-item'>\n\t\t\t<dt class='gallery-icon portrait'>\n\t\t\t\t<a href='http:\/\/xn--rothemhl-c6a.de\/?attachment_id=1994'><img loading=\"lazy\" decoding=\"async\" width=\"150\" height=\"150\" src=\"http:\/\/xn--rothemhl-c6a.de\/wp-content\/uploads\/2018\/12\/043-150x150.jpg\" class=\"attachment-thumbnail size-thumbnail\" alt=\"\" \/><\/a>\n\t\t\t<\/dt><\/dl>\n\t\t\t<br style='clear: both' \/>\n\t\t<\/div>\n<\/p>\n","protected":false},"excerpt":{"rendered":"<p>Veranstalter war unser Sportverein. Auch wenn in den umliegenden Gemeinden mehrere Veranstaltungen gleichzeitig statt fanden, haben sich einige Leute zu uns verirrt. Wir hatten einen sch\u00f6nen Nachmittag. Dekoriert wurde \u00fcberwiegend wieder von Jonny Sonnemann, der auch mit seinem &#8222;Weihnachtsschlitten&#8220; f\u00fcr <span class=\"excerpt-dots\">&hellip;<\/span> <a class=\"more-link\" href=\"http:\/\/xn--rothemhl-c6a.de\/?page_id=1951\"><span class=\"more-msg\">Weiterlesen &rarr;<\/span><\/a><\/p>\n","protected":false},"author":1,"featured_media":0,"parent":183,"menu_order":7,"comment_status":"closed","ping_status":"closed","template":"","meta":{"footnotes":""},"class_list":["post-1951","page","type-page","status-publish","hentry"],"_links":{"self":[{"href":"http:\/\/xn--rothemhl-c6a.de\/index.php?rest_route=\/wp\/v2\/pages\/1951"}],"collection":[{"href":"http:\/\/xn--rothemhl-c6a.de\/index.php?rest_route=\/wp\/v2\/pages"}],"about":[{"href":"http:\/\/xn--rothemhl-c6a.de\/index.php?rest_route=\/wp\/v2\/types\/page"}],"author":[{"embeddable":true,"href":"http:\/\/xn--rothemhl-c6a.de\/index.php?rest_route=\/wp\/v2\/users\/1"}],"replies":[{"embeddable":true,"href":"http:\/\/xn--rothemhl-c6a.de\/index.php?rest_route=%2Fwp%2Fv2%2Fcomments&post=1951"}],"version-history":[{"count":1,"href":"http:\/\/xn--rothemhl-c6a.de\/index.php?rest_route=\/wp\/v2\/pages\/1951\/revisions"}],"predecessor-version":[{"id":1995,"href":"http:\/\/xn--rothemhl-c6a.de\/index.php?rest_route=\/wp\/v2\/pages\/1951\/revisions\/1995"}],"up":[{"embeddable":true,"href":"http:\/\/xn--rothemhl-c6a.de\/index.php?rest_route=\/wp\/v2\/pages\/183"}],"wp:attachment":[{"href":"http:\/\/xn--rothemhl-c6a.de\/index.php?rest_route=%2Fwp%2Fv2%2Fmedia&parent=1951"}],"curies":[{"name":"wp","href":"https:\/\/api.w.org\/{rel}","templated":true}]}}