{"id":1762,"date":"2018-01-02T15:19:10","date_gmt":"2018-01-02T15:19:10","guid":{"rendered":"http:\/\/xn--rothemhl-c6a.de\/?page_id=1762"},"modified":"2019-06-07T22:10:25","modified_gmt":"2019-06-07T22:10:25","slug":"09-12-17-adventsmarkt","status":"publish","type":"page","link":"http:\/\/xn--rothemhl-c6a.de\/?page_id=1762","title":{"rendered":"09.12.17 &#8211; Adventsmarkt"},"content":{"rendered":"<p>Herzlichen Dank dem Sportverein f\u00fcr die Durchf\u00fchrung und Organisation !!!<br \/>\nEin Riesendankesch\u00f6n an Jonny Sonnemann f\u00fcr die tolle Dekoration und die Kutsche,<br \/>\nBerit Larsch f\u00fcr das &#8222;Kinderbasteln&#8220;, den Jagdhornbl\u00e4sern f\u00fcr ihren Auftritt,<br \/>\nMatthias Weber als Weihnachtsmann, Manuel Borchardt f\u00fcr den extra gestalteten K\u00fcrbis<br \/>\nund allen freiwilligen Helfern !!!<\/p>\n\n\t\t<style type=\"text\/css\">\n\t\t\t#gallery-1 {\n\t\t\t\tmargin: auto;\n\t\t\t}\n\t\t\t#gallery-1 .gallery-item {\n\t\t\t\tfloat: left;\n\t\t\t\tmargin-top: 10px;\n\t\t\t\ttext-align: center;\n\t\t\t\twidth: 33%;\n\t\t\t}\n\t\t\t#gallery-1 img {\n\t\t\t\tborder: 2px solid #cfcfcf;\n\t\t\t}\n\t\t\t#gallery-1 .gallery-caption {\n\t\t\t\tmargin-left: 0;\n\t\t\t}\n\t\t\t\/* see gallery_shortcode() in wp-includes\/media.php *\/\n\t\t<\/style>\n\t\t<div id='gallery-1' class='gallery galleryid-1762 gallery-columns-3 gallery-size-thumbnail'><dl class='gallery-item'>\n\t\t\t<dt class='gallery-icon landscape'>\n\t\t\t\t<a href='http:\/\/xn--rothemhl-c6a.de\/?attachment_id=1763'><img loading=\"lazy\" decoding=\"async\" width=\"150\" height=\"150\" src=\"http:\/\/xn--rothemhl-c6a.de\/wp-content\/uploads\/2018\/01\/002-150x150.jpg\" class=\"attachment-thumbnail size-thumbnail\" alt=\"\" aria-describedby=\"gallery-1-1763\" \/><\/a>\n\t\t\t<\/dt>\n\t\t\t\t<dd class='wp-caption-text gallery-caption' id='gallery-1-1763'>\n\t\t\t\tVorbereitung\n\t\t\t\t<\/dd><\/dl><dl class='gallery-item'>\n\t\t\t<dt class='gallery-icon landscape'>\n\t\t\t\t<a href='http:\/\/xn--rothemhl-c6a.de\/?attachment_id=1793'><img loading=\"lazy\" decoding=\"async\" width=\"150\" height=\"150\" src=\"http:\/\/xn--rothemhl-c6a.de\/wp-content\/uploads\/2018\/01\/001-150x150.jpg\" class=\"attachment-thumbnail size-thumbnail\" alt=\"\" aria-describedby=\"gallery-1-1793\" \/><\/a>\n\t\t\t<\/dt>\n\t\t\t\t<dd class='wp-caption-text gallery-caption' id='gallery-1-1793'>\n\t\t\t\tVorbereitung\n\t\t\t\t<\/dd><\/dl><dl class='gallery-item'>\n\t\t\t<dt class='gallery-icon portrait'>\n\t\t\t\t<a href='http:\/\/xn--rothemhl-c6a.de\/?attachment_id=1764'><img loading=\"lazy\" decoding=\"async\" width=\"150\" height=\"150\" src=\"http:\/\/xn--rothemhl-c6a.de\/wp-content\/uploads\/2018\/01\/003-150x150.jpg\" class=\"attachment-thumbnail size-thumbnail\" alt=\"\" aria-describedby=\"gallery-1-1764\" \/><\/a>\n\t\t\t<\/dt>\n\t\t\t\t<dd class='wp-caption-text gallery-caption' id='gallery-1-1764'>\n\t\t\t\tScheunendeko\n\t\t\t\t<\/dd><\/dl><br style=\"clear: both\" \/><dl class='gallery-item'>\n\t\t\t<dt class='gallery-icon landscape'>\n\t\t\t\t<a href='http:\/\/xn--rothemhl-c6a.de\/?attachment_id=1765'><img loading=\"lazy\" decoding=\"async\" width=\"150\" height=\"150\" src=\"http:\/\/xn--rothemhl-c6a.de\/wp-content\/uploads\/2018\/01\/004-150x150.jpg\" class=\"attachment-thumbnail size-thumbnail\" alt=\"\" aria-describedby=\"gallery-1-1765\" \/><\/a>\n\t\t\t<\/dt>\n\t\t\t\t<dd class='wp-caption-text gallery-caption' id='gallery-1-1765'>\n\t\t\t\tScheunendeko\n\t\t\t\t<\/dd><\/dl><dl class='gallery-item'>\n\t\t\t<dt class='gallery-icon landscape'>\n\t\t\t\t<a href='http:\/\/xn--rothemhl-c6a.de\/?attachment_id=1766'><img loading=\"lazy\" decoding=\"async\" width=\"150\" height=\"150\" src=\"http:\/\/xn--rothemhl-c6a.de\/wp-content\/uploads\/2018\/01\/005-150x150.jpg\" class=\"attachment-thumbnail size-thumbnail\" alt=\"\" aria-describedby=\"gallery-1-1766\" \/><\/a>\n\t\t\t<\/dt>\n\t\t\t\t<dd class='wp-caption-text gallery-caption' id='gallery-1-1766'>\n\t\t\t\tDetails\n\t\t\t\t<\/dd><\/dl><dl class='gallery-item'>\n\t\t\t<dt class='gallery-icon landscape'>\n\t\t\t\t<a href='http:\/\/xn--rothemhl-c6a.de\/?attachment_id=1767'><img loading=\"lazy\" decoding=\"async\" width=\"150\" height=\"150\" src=\"http:\/\/xn--rothemhl-c6a.de\/wp-content\/uploads\/2018\/01\/006-150x150.jpg\" class=\"attachment-thumbnail size-thumbnail\" alt=\"\" aria-describedby=\"gallery-1-1767\" \/><\/a>\n\t\t\t<\/dt>\n\t\t\t\t<dd class='wp-caption-text gallery-caption' id='gallery-1-1767'>\n\t\t\t\tDetails\n\t\t\t\t<\/dd><\/dl><br style=\"clear: both\" \/><dl class='gallery-item'>\n\t\t\t<dt class='gallery-icon landscape'>\n\t\t\t\t<a href='http:\/\/xn--rothemhl-c6a.de\/?attachment_id=1768'><img loading=\"lazy\" decoding=\"async\" width=\"150\" height=\"150\" src=\"http:\/\/xn--rothemhl-c6a.de\/wp-content\/uploads\/2018\/01\/007-150x150.jpg\" class=\"attachment-thumbnail size-thumbnail\" alt=\"\" aria-describedby=\"gallery-1-1768\" \/><\/a>\n\t\t\t<\/dt>\n\t\t\t\t<dd class='wp-caption-text gallery-caption' id='gallery-1-1768'>\n\t\t\t\tWeihnachtsmannkutsche\n\t\t\t\t<\/dd><\/dl><dl class='gallery-item'>\n\t\t\t<dt class='gallery-icon landscape'>\n\t\t\t\t<a href='http:\/\/xn--rothemhl-c6a.de\/?attachment_id=1769'><img loading=\"lazy\" decoding=\"async\" width=\"150\" height=\"150\" src=\"http:\/\/xn--rothemhl-c6a.de\/wp-content\/uploads\/2018\/01\/008-150x150.jpg\" class=\"attachment-thumbnail size-thumbnail\" alt=\"\" aria-describedby=\"gallery-1-1769\" \/><\/a>\n\t\t\t<\/dt>\n\t\t\t\t<dd class='wp-caption-text gallery-caption' id='gallery-1-1769'>\n\t\t\t\tWeihnachtsmann mit seiner Frau\n\t\t\t\t<\/dd><\/dl><dl class='gallery-item'>\n\t\t\t<dt class='gallery-icon portrait'>\n\t\t\t\t<a href='http:\/\/xn--rothemhl-c6a.de\/?attachment_id=1770'><img loading=\"lazy\" decoding=\"async\" width=\"150\" height=\"150\" src=\"http:\/\/xn--rothemhl-c6a.de\/wp-content\/uploads\/2018\/01\/009-150x150.jpg\" class=\"attachment-thumbnail size-thumbnail\" alt=\"\" aria-describedby=\"gallery-1-1770\" \/><\/a>\n\t\t\t<\/dt>\n\t\t\t\t<dd class='wp-caption-text gallery-caption' id='gallery-1-1770'>\n\t\t\t\tBeim Holzmichel gab `s Bratwurst.\n\t\t\t\t<\/dd><\/dl><br style=\"clear: both\" \/><dl class='gallery-item'>\n\t\t\t<dt class='gallery-icon landscape'>\n\t\t\t\t<a href='http:\/\/xn--rothemhl-c6a.de\/?attachment_id=1771'><img loading=\"lazy\" decoding=\"async\" width=\"150\" height=\"150\" src=\"http:\/\/xn--rothemhl-c6a.de\/wp-content\/uploads\/2018\/01\/010-150x150.jpg\" class=\"attachment-thumbnail size-thumbnail\" alt=\"\" \/><\/a>\n\t\t\t<\/dt><\/dl><dl class='gallery-item'>\n\t\t\t<dt class='gallery-icon landscape'>\n\t\t\t\t<a href='http:\/\/xn--rothemhl-c6a.de\/?attachment_id=1772'><img loading=\"lazy\" decoding=\"async\" width=\"150\" height=\"150\" src=\"http:\/\/xn--rothemhl-c6a.de\/wp-content\/uploads\/2018\/01\/011-150x150.jpg\" class=\"attachment-thumbnail size-thumbnail\" alt=\"\" \/><\/a>\n\t\t\t<\/dt><\/dl><dl class='gallery-item'>\n\t\t\t<dt class='gallery-icon landscape'>\n\t\t\t\t<a href='http:\/\/xn--rothemhl-c6a.de\/?attachment_id=1773'><img loading=\"lazy\" decoding=\"async\" width=\"150\" height=\"150\" src=\"http:\/\/xn--rothemhl-c6a.de\/wp-content\/uploads\/2018\/01\/012-150x150.jpg\" class=\"attachment-thumbnail size-thumbnail\" alt=\"\" aria-describedby=\"gallery-1-1773\" \/><\/a>\n\t\t\t<\/dt>\n\t\t\t\t<dd class='wp-caption-text gallery-caption' id='gallery-1-1773'>\n\t\t\t\tKinderbasteln mit Berit\n\t\t\t\t<\/dd><\/dl><br style=\"clear: both\" \/><dl class='gallery-item'>\n\t\t\t<dt class='gallery-icon landscape'>\n\t\t\t\t<a href='http:\/\/xn--rothemhl-c6a.de\/?attachment_id=1774'><img loading=\"lazy\" decoding=\"async\" width=\"150\" height=\"150\" src=\"http:\/\/xn--rothemhl-c6a.de\/wp-content\/uploads\/2018\/01\/013-150x150.jpg\" class=\"attachment-thumbnail size-thumbnail\" alt=\"\" aria-describedby=\"gallery-1-1774\" \/><\/a>\n\t\t\t<\/dt>\n\t\t\t\t<dd class='wp-caption-text gallery-caption' id='gallery-1-1774'>\n\t\t\t\tKartoffelpuffer und Kassler mit Sauerkraut\n\t\t\t\t<\/dd><\/dl><dl class='gallery-item'>\n\t\t\t<dt class='gallery-icon landscape'>\n\t\t\t\t<a href='http:\/\/xn--rothemhl-c6a.de\/?attachment_id=1775'><img loading=\"lazy\" decoding=\"async\" width=\"150\" height=\"150\" src=\"http:\/\/xn--rothemhl-c6a.de\/wp-content\/uploads\/2018\/01\/014-150x150.jpg\" class=\"attachment-thumbnail size-thumbnail\" alt=\"\" aria-describedby=\"gallery-1-1775\" \/><\/a>\n\t\t\t<\/dt>\n\t\t\t\t<dd class='wp-caption-text gallery-caption' id='gallery-1-1775'>\n\t\t\t\tKuchenstand\n\t\t\t\t<\/dd><\/dl><dl class='gallery-item'>\n\t\t\t<dt class='gallery-icon landscape'>\n\t\t\t\t<a href='http:\/\/xn--rothemhl-c6a.de\/?attachment_id=1776'><img loading=\"lazy\" decoding=\"async\" width=\"150\" height=\"150\" src=\"http:\/\/xn--rothemhl-c6a.de\/wp-content\/uploads\/2018\/01\/015-150x150.jpg\" class=\"attachment-thumbnail size-thumbnail\" alt=\"\" aria-describedby=\"gallery-1-1776\" \/><\/a>\n\t\t\t<\/dt>\n\t\t\t\t<dd class='wp-caption-text gallery-caption' id='gallery-1-1776'>\n\t\t\t\tKeramikverkauf\n\t\t\t\t<\/dd><\/dl><br style=\"clear: both\" \/><dl class='gallery-item'>\n\t\t\t<dt class='gallery-icon landscape'>\n\t\t\t\t<a href='http:\/\/xn--rothemhl-c6a.de\/?attachment_id=1777'><img loading=\"lazy\" decoding=\"async\" width=\"150\" height=\"150\" src=\"http:\/\/xn--rothemhl-c6a.de\/wp-content\/uploads\/2018\/01\/016-150x150.jpg\" class=\"attachment-thumbnail size-thumbnail\" alt=\"\" \/><\/a>\n\t\t\t<\/dt><\/dl><dl class='gallery-item'>\n\t\t\t<dt class='gallery-icon portrait'>\n\t\t\t\t<a href='http:\/\/xn--rothemhl-c6a.de\/?attachment_id=1778'><img loading=\"lazy\" decoding=\"async\" width=\"150\" height=\"150\" src=\"http:\/\/xn--rothemhl-c6a.de\/wp-content\/uploads\/2018\/01\/017-150x150.jpg\" class=\"attachment-thumbnail size-thumbnail\" alt=\"\" \/><\/a>\n\t\t\t<\/dt><\/dl><dl class='gallery-item'>\n\t\t\t<dt class='gallery-icon landscape'>\n\t\t\t\t<a href='http:\/\/xn--rothemhl-c6a.de\/?attachment_id=1779'><img loading=\"lazy\" decoding=\"async\" width=\"150\" height=\"150\" src=\"http:\/\/xn--rothemhl-c6a.de\/wp-content\/uploads\/2018\/01\/018-150x150.jpg\" class=\"attachment-thumbnail size-thumbnail\" alt=\"\" aria-describedby=\"gallery-1-1779\" \/><\/a>\n\t\t\t<\/dt>\n\t\t\t\t<dd class='wp-caption-text gallery-caption' id='gallery-1-1779'>\n\t\t\t\tWeihnachtscountry mit Bleifu\u00dfjoe\n\t\t\t\t<\/dd><\/dl><br style=\"clear: both\" \/><dl class='gallery-item'>\n\t\t\t<dt class='gallery-icon landscape'>\n\t\t\t\t<a href='http:\/\/xn--rothemhl-c6a.de\/?attachment_id=1780'><img loading=\"lazy\" decoding=\"async\" width=\"150\" height=\"150\" src=\"http:\/\/xn--rothemhl-c6a.de\/wp-content\/uploads\/2018\/01\/019-150x150.jpg\" class=\"attachment-thumbnail size-thumbnail\" alt=\"\" \/><\/a>\n\t\t\t<\/dt><\/dl><dl class='gallery-item'>\n\t\t\t<dt class='gallery-icon landscape'>\n\t\t\t\t<a href='http:\/\/xn--rothemhl-c6a.de\/?attachment_id=1781'><img loading=\"lazy\" decoding=\"async\" width=\"150\" height=\"150\" src=\"http:\/\/xn--rothemhl-c6a.de\/wp-content\/uploads\/2018\/01\/020-150x150.jpg\" class=\"attachment-thumbnail size-thumbnail\" alt=\"\" \/><\/a>\n\t\t\t<\/dt><\/dl><dl class='gallery-item'>\n\t\t\t<dt class='gallery-icon landscape'>\n\t\t\t\t<a href='http:\/\/xn--rothemhl-c6a.de\/?attachment_id=1782'><img loading=\"lazy\" decoding=\"async\" width=\"150\" height=\"150\" src=\"http:\/\/xn--rothemhl-c6a.de\/wp-content\/uploads\/2018\/01\/021-150x150.jpg\" class=\"attachment-thumbnail size-thumbnail\" alt=\"\" srcset=\"http:\/\/xn--rothemhl-c6a.de\/wp-content\/uploads\/2018\/01\/021-150x150.jpg 150w, http:\/\/xn--rothemhl-c6a.de\/wp-content\/uploads\/2018\/01\/021-300x298.jpg 300w, http:\/\/xn--rothemhl-c6a.de\/wp-content\/uploads\/2018\/01\/021.jpg 640w\" sizes=\"auto, (max-width: 150px) 100vw, 150px\" \/><\/a>\n\t\t\t<\/dt><\/dl><br style=\"clear: both\" \/><dl class='gallery-item'>\n\t\t\t<dt class='gallery-icon landscape'>\n\t\t\t\t<a href='http:\/\/xn--rothemhl-c6a.de\/?attachment_id=1783'><img loading=\"lazy\" decoding=\"async\" width=\"150\" height=\"150\" src=\"http:\/\/xn--rothemhl-c6a.de\/wp-content\/uploads\/2018\/01\/022-150x150.jpg\" class=\"attachment-thumbnail size-thumbnail\" alt=\"\" aria-describedby=\"gallery-1-1783\" \/><\/a>\n\t\t\t<\/dt>\n\t\t\t\t<dd class='wp-caption-text gallery-caption' id='gallery-1-1783'>\n\t\t\t\tJagdhornbl\u00e4ser\n\t\t\t\t<\/dd><\/dl><dl class='gallery-item'>\n\t\t\t<dt class='gallery-icon landscape'>\n\t\t\t\t<a href='http:\/\/xn--rothemhl-c6a.de\/?attachment_id=1784'><img loading=\"lazy\" decoding=\"async\" width=\"150\" height=\"150\" src=\"http:\/\/xn--rothemhl-c6a.de\/wp-content\/uploads\/2018\/01\/023-150x150.jpg\" class=\"attachment-thumbnail size-thumbnail\" alt=\"\" \/><\/a>\n\t\t\t<\/dt><\/dl><dl class='gallery-item'>\n\t\t\t<dt class='gallery-icon landscape'>\n\t\t\t\t<a href='http:\/\/xn--rothemhl-c6a.de\/?attachment_id=1785'><img loading=\"lazy\" decoding=\"async\" width=\"150\" height=\"150\" src=\"http:\/\/xn--rothemhl-c6a.de\/wp-content\/uploads\/2018\/01\/024-150x150.jpg\" class=\"attachment-thumbnail size-thumbnail\" alt=\"\" \/><\/a>\n\t\t\t<\/dt><\/dl><br style=\"clear: both\" \/><dl class='gallery-item'>\n\t\t\t<dt class='gallery-icon landscape'>\n\t\t\t\t<a href='http:\/\/xn--rothemhl-c6a.de\/?attachment_id=1786'><img loading=\"lazy\" decoding=\"async\" width=\"150\" height=\"150\" src=\"http:\/\/xn--rothemhl-c6a.de\/wp-content\/uploads\/2018\/01\/025-150x150.jpg\" class=\"attachment-thumbnail size-thumbnail\" alt=\"\" \/><\/a>\n\t\t\t<\/dt><\/dl><dl class='gallery-item'>\n\t\t\t<dt class='gallery-icon portrait'>\n\t\t\t\t<a href='http:\/\/xn--rothemhl-c6a.de\/?attachment_id=1787'><img loading=\"lazy\" decoding=\"async\" width=\"150\" height=\"150\" src=\"http:\/\/xn--rothemhl-c6a.de\/wp-content\/uploads\/2018\/01\/026-150x150.jpg\" class=\"attachment-thumbnail size-thumbnail\" alt=\"\" \/><\/a>\n\t\t\t<\/dt><\/dl><dl class='gallery-item'>\n\t\t\t<dt class='gallery-icon landscape'>\n\t\t\t\t<a href='http:\/\/xn--rothemhl-c6a.de\/?attachment_id=1788'><img loading=\"lazy\" decoding=\"async\" width=\"150\" height=\"150\" src=\"http:\/\/xn--rothemhl-c6a.de\/wp-content\/uploads\/2018\/01\/027-150x150.jpg\" class=\"attachment-thumbnail size-thumbnail\" alt=\"\" \/><\/a>\n\t\t\t<\/dt><\/dl><br style=\"clear: both\" \/><dl class='gallery-item'>\n\t\t\t<dt class='gallery-icon portrait'>\n\t\t\t\t<a href='http:\/\/xn--rothemhl-c6a.de\/?attachment_id=1789'><img loading=\"lazy\" decoding=\"async\" width=\"150\" height=\"150\" src=\"http:\/\/xn--rothemhl-c6a.de\/wp-content\/uploads\/2018\/01\/028-150x150.jpg\" class=\"attachment-thumbnail size-thumbnail\" alt=\"\" \/><\/a>\n\t\t\t<\/dt><\/dl><dl class='gallery-item'>\n\t\t\t<dt class='gallery-icon landscape'>\n\t\t\t\t<a href='http:\/\/xn--rothemhl-c6a.de\/?attachment_id=1790'><img loading=\"lazy\" decoding=\"async\" width=\"150\" height=\"150\" src=\"http:\/\/xn--rothemhl-c6a.de\/wp-content\/uploads\/2018\/01\/029-150x150.jpg\" class=\"attachment-thumbnail size-thumbnail\" alt=\"\" aria-describedby=\"gallery-1-1790\" \/><\/a>\n\t\t\t<\/dt>\n\t\t\t\t<dd class='wp-caption-text gallery-caption' id='gallery-1-1790'>\n\t\t\t\tKutschfahrten f\u00fcr `s &#8222;Personal&#8220;\n\t\t\t\t<\/dd><\/dl><dl class='gallery-item'>\n\t\t\t<dt class='gallery-icon landscape'>\n\t\t\t\t<a href='http:\/\/xn--rothemhl-c6a.de\/?attachment_id=1791'><img loading=\"lazy\" decoding=\"async\" width=\"150\" height=\"150\" src=\"http:\/\/xn--rothemhl-c6a.de\/wp-content\/uploads\/2018\/01\/030-150x150.jpg\" class=\"attachment-thumbnail size-thumbnail\" alt=\"\" \/><\/a>\n\t\t\t<\/dt><\/dl><br style=\"clear: both\" \/><dl class='gallery-item'>\n\t\t\t<dt class='gallery-icon portrait'>\n\t\t\t\t<a href='http:\/\/xn--rothemhl-c6a.de\/?attachment_id=1792'><img loading=\"lazy\" decoding=\"async\" width=\"150\" height=\"150\" src=\"http:\/\/xn--rothemhl-c6a.de\/wp-content\/uploads\/2018\/01\/031-150x150.jpg\" class=\"attachment-thumbnail size-thumbnail\" alt=\"\" aria-describedby=\"gallery-1-1792\" \/><\/a>\n\t\t\t<\/dt>\n\t\t\t\t<dd class='wp-caption-text gallery-caption' id='gallery-1-1792'>\n\t\t\t\tUnd &#8222;Tsch\u00fcss bis zum n\u00e4chsten Jahr&#8220; !\n\t\t\t\t<\/dd><\/dl>\n\t\t\t<br style='clear: both' \/>\n\t\t<\/div>\n\n","protected":false},"excerpt":{"rendered":"<p>Herzlichen Dank dem Sportverein f\u00fcr die Durchf\u00fchrung und Organisation !!! Ein Riesendankesch\u00f6n an Jonny Sonnemann f\u00fcr die tolle Dekoration und die Kutsche, Berit Larsch f\u00fcr das &#8222;Kinderbasteln&#8220;, den Jagdhornbl\u00e4sern f\u00fcr ihren Auftritt, Matthias Weber als Weihnachtsmann, Manuel Borchardt f\u00fcr den <span class=\"excerpt-dots\">&hellip;<\/span> <a class=\"more-link\" href=\"http:\/\/xn--rothemhl-c6a.de\/?page_id=1762\"><span class=\"more-msg\">Weiterlesen &rarr;<\/span><\/a><\/p>\n","protected":false},"author":1,"featured_media":0,"parent":183,"menu_order":12,"comment_status":"closed","ping_status":"closed","template":"","meta":{"footnotes":""},"class_list":["post-1762","page","type-page","status-publish","hentry"],"_links":{"self":[{"href":"http:\/\/xn--rothemhl-c6a.de\/index.php?rest_route=\/wp\/v2\/pages\/1762","targetHints":{"allow":["GET"]}}],"collection":[{"href":"http:\/\/xn--rothemhl-c6a.de\/index.php?rest_route=\/wp\/v2\/pages"}],"about":[{"href":"http:\/\/xn--rothemhl-c6a.de\/index.php?rest_route=\/wp\/v2\/types\/page"}],"author":[{"embeddable":true,"href":"http:\/\/xn--rothemhl-c6a.de\/index.php?rest_route=\/wp\/v2\/users\/1"}],"replies":[{"embeddable":true,"href":"http:\/\/xn--rothemhl-c6a.de\/index.php?rest_route=%2Fwp%2Fv2%2Fcomments&post=1762"}],"version-history":[{"count":1,"href":"http:\/\/xn--rothemhl-c6a.de\/index.php?rest_route=\/wp\/v2\/pages\/1762\/revisions"}],"predecessor-version":[{"id":1794,"href":"http:\/\/xn--rothemhl-c6a.de\/index.php?rest_route=\/wp\/v2\/pages\/1762\/revisions\/1794"}],"up":[{"embeddable":true,"href":"http:\/\/xn--rothemhl-c6a.de\/index.php?rest_route=\/wp\/v2\/pages\/183"}],"wp:attachment":[{"href":"http:\/\/xn--rothemhl-c6a.de\/index.php?rest_route=%2Fwp%2Fv2%2Fmedia&parent=1762"}],"curies":[{"name":"wp","href":"https:\/\/api.w.org\/{rel}","templated":true}]}}